{"id":12,"date":"2026-02-01T19:07:50","date_gmt":"2026-02-02T00:07:50","guid":{"rendered":"https:\/\/lbrochu.dectim.ca\/tp2\/?page_id=12"},"modified":"2026-05-10T22:55:01","modified_gmt":"2026-05-11T02:55:01","slug":"a-propos","status":"publish","type":"page","link":"https:\/\/lbrochu.dectim.ca\/tp2\/a-propos\/","title":{"rendered":"\u00c0 propos"},"content":{"rendered":"\n<div style=\"height:110px\" aria-hidden=\"true\" class=\"wp-block-spacer\"><\/div>\n\n\n\n<section id=\"wp-block-themeisle-blocks-advanced-columns-35d50391\" class=\"wp-block-themeisle-blocks-advanced-columns alignfull has-2-columns has-desktop-twoOne-layout has-tablet-collapsedRows-layout has-mobile-collapsedRows-layout has-reverse-columns-tablet has-reverse-columns-mobile has-vertical-center\"><div class=\"wp-block-themeisle-blocks-advanced-columns-overlay\"><\/div><div class=\"innerblocks-wrap\">\n<div id=\"wp-block-themeisle-blocks-advanced-column-891848ff\" class=\"wp-block-themeisle-blocks-advanced-column animated backInLeft\">\n<h2 id=\"wp-block-themeisle-blocks-advanced-heading-143d182d\" class=\"wp-block-themeisle-blocks-advanced-heading wp-block-themeisle-blocks-advanced-heading-143d182d\">\u00c0 propos<\/h2>\n\n\n\n<div style=\"height:40px\" aria-hidden=\"true\" class=\"wp-block-spacer\"><\/div>\n\n\n\n<p class=\"has-text-align-left has-ast-global-color-4-color has-text-color has-link-color wp-elements-3a5d71180b397d31dbf1d1bb9b6d71f9\">Notre \u00e9quipe est constitu\u00e9e de multiples <strong>employ\u00e9s sp\u00e9cialis\u00e9s<\/strong> dans divers domaines, ce qui nous permet d&rsquo;avoir une \u00e9quipe comp\u00e9tente.<\/p>\n<\/div>\n\n\n\n<div id=\"wp-block-themeisle-blocks-advanced-column-74d73b4e\" class=\"wp-block-themeisle-blocks-advanced-column\"><\/div>\n<\/div><\/section>\n\n\n\n<div id=\"wp-block-themeisle-blocks-advanced-columns-dfd643f3\" class=\"wp-block-themeisle-blocks-advanced-columns alignfull has-2-columns has-desktop-equal-layout has-tablet-equal-layout has-mobile-collapsedRows-layout has-reverse-columns-mobile has-vertical-center ticss-c00aadba has-dark-bg\"><div class=\"wp-block-themeisle-blocks-advanced-columns-overlay\"><\/div><div class=\"innerblocks-wrap\">\n<div id=\"wp-block-themeisle-blocks-advanced-column-9136d16a\" class=\"wp-block-themeisle-blocks-advanced-column\">\n<div class=\"wp-block-group animated slideInLeft wp-container-content-958eb9dc is-vertical is-layout-flex wp-container-core-group-is-layout-40f507c6 wp-block-group-is-layout-flex\" style=\"padding-top:var(--wp--preset--spacing--70);padding-right:var(--wp--preset--spacing--40);padding-bottom:var(--wp--preset--spacing--70);padding-left:var(--wp--preset--spacing--40)\">\n<div class=\"wp-block-group is-nowrap is-layout-flex wp-container-core-group-is-layout-f0acb57f wp-block-group-is-layout-flex\" style=\"padding-right:0;padding-left:0\">\n<div\n    class=\"align wp-block-evib-icon-box\"    id='evbIconBox-1'\n    data-attributes='{&quot;icon&quot;:{&quot;isUpload&quot;:false,&quot;svg&quot;:&quot;&lt;svg xmlns=&#039;http:\\\/\\\/www.w3.org\\\/2000\\\/svg&#039; viewBox=&#039;0 0 448 512&#039;&gt;&lt;path d=&#039;M64 32C64 14.3 49.7 0 32 0S0 14.3 0 32V64 368 480c0 17.7 14.3 32 32 32s32-14.3 32-32V352l64.3-16.1c41.1-10.3 84.6-5.5 122.5 13.4c44.2 22.1 95.5 24.8 141.7 7.4l34.7-13c12.5-4.7 20.8-16.6 20.8-30V66.1c0-23-24.2-38-44.8-27.7l-9.6 4.8c-46.3 23.2-100.8 23.2-147.1 0c-35.1-17.6-75.4-22-113.5-12.5L64 48V32z&#039;\\\/&gt;&lt;\\\/svg&gt;&quot;,&quot;img&quot;:&quot;&quot;,&quot;imgFit&quot;:&quot;&quot;,&quot;label&quot;:&quot;&quot;,&quot;width&quot;:{&quot;desktop&quot;:&quot;42px&quot;,&quot;tablet&quot;:&quot;&quot;,&quot;mobile&quot;:&quot;&quot;},&quot;height&quot;:{&quot;desktop&quot;:&quot;42px&quot;,&quot;tablet&quot;:&quot;&quot;,&quot;mobile&quot;:&quot;&quot;},&quot;color&quot;:{&quot;normal&quot;:&quot;#ffffff&quot;,&quot;hover&quot;:&quot;&quot;},&quot;shadow&quot;:&quot;&quot;},&quot;advanced&quot;:{&quot;dimension&quot;:{&quot;padding&quot;:{&quot;desktop&quot;:&quot;10px 15px 0px 0px&quot;,&quot;tablet&quot;:&quot;&quot;,&quot;mobile&quot;:&quot;&quot;}},&quot;background&quot;:{&quot;normal&quot;:&quot;background-color: ;&quot;,&quot;hover&quot;:&quot;&quot;},&quot;frame&quot;:{&quot;radius&quot;:&quot;50%&quot;,&quot;normal&quot;:{&quot;radius&quot;:&quot;50px 50px 50px 50px&quot;}},&quot;animation&quot;:{&quot;type&quot;:&quot;&quot;},&quot;transitions&quot;:&quot;&quot;},&quot;align&quot;:&quot;&quot;,&quot;width&quot;:{&quot;desktop&quot;:&quot;&quot;,&quot;tablet&quot;:&quot;&quot;,&quot;mobile&quot;:&quot;&quot;},&quot;height&quot;:{&quot;desktop&quot;:&quot;&quot;,&quot;tablet&quot;:&quot;&quot;,&quot;mobile&quot;:&quot;&quot;},&quot;alignment&quot;:{&quot;desktop&quot;:&quot;center&quot;,&quot;tablet&quot;:&quot;&quot;,&quot;mobile&quot;:&quot;&quot;},&quot;hasCustomCSS&quot;:false,&quot;customCSS&quot;:&quot;&quot;,&quot;otterConditions&quot;:[]}'\n><\/div>\n\n\n<h2 class=\"wp-block-heading has-ast-global-color-4-color has-text-color has-link-color wp-elements-c463513f575f2c7e5bc1049b3d4b76af\">Notre mission<\/h2>\n<\/div>\n\n\n\n<p>Notre mission est de <strong>mener \u00e0 bien vos projets<\/strong> selon vos crit\u00e8res et vos exigences.<\/p>\n<\/div>\n<\/div>\n\n\n\n<div id=\"wp-block-themeisle-blocks-advanced-column-c9784b8f\" class=\"wp-block-themeisle-blocks-advanced-column\">\n<figure class=\"wp-block-image size-large has-custom-border is-style-default\"><img loading=\"lazy\" decoding=\"async\" width=\"1024\" height=\"682\" src=\"https:\/\/lbrochu.dectim.ca\/tp2\/wp-content\/uploads\/2026\/03\/coton2-1024x682.jpg\" alt=\"\" class=\"wp-image-1115\" style=\"border-top-left-radius:0px;border-top-right-radius:0px;border-bottom-left-radius:0px;border-bottom-right-radius:0px;aspect-ratio:16\/9;object-fit:cover\" srcset=\"https:\/\/lbrochu.dectim.ca\/tp2\/wp-content\/uploads\/2026\/03\/coton2-1024x682.jpg 1024w, https:\/\/lbrochu.dectim.ca\/tp2\/wp-content\/uploads\/2026\/03\/coton2-300x200.jpg 300w, https:\/\/lbrochu.dectim.ca\/tp2\/wp-content\/uploads\/2026\/03\/coton2-768x512.jpg 768w, https:\/\/lbrochu.dectim.ca\/tp2\/wp-content\/uploads\/2026\/03\/coton2-1536x1023.jpg 1536w, https:\/\/lbrochu.dectim.ca\/tp2\/wp-content\/uploads\/2026\/03\/coton2-2048x1364.jpg 2048w\" sizes=\"auto, (max-width: 1024px) 100vw, 1024px\" \/><\/figure>\n<\/div>\n<\/div><\/div>\n\n\n\n<div id=\"wp-block-themeisle-blocks-advanced-columns-9ab0712b\" class=\"wp-block-themeisle-blocks-advanced-columns alignfull has-2-columns has-desktop-equal-layout has-tablet-equal-layout has-mobile-collapsedRows-layout has-reverse-columns-mobile has-vertical-center ticss-c00aadba has-light-bg\"><div class=\"wp-block-themeisle-blocks-advanced-columns-overlay\"><\/div><div class=\"innerblocks-wrap\">\n<div id=\"wp-block-themeisle-blocks-advanced-column-e00adebd\" class=\"wp-block-themeisle-blocks-advanced-column\">\n<figure class=\"wp-block-image size-full has-custom-border is-style-default\" style=\"margin-right:0;margin-left:0\"><img loading=\"lazy\" decoding=\"async\" width=\"1000\" height=\"750\" src=\"https:\/\/lbrochu.dectim.ca\/tp2\/wp-content\/uploads\/2026\/03\/coton.jpg\" alt=\"\" class=\"wp-image-1089\" style=\"border-top-left-radius:0px;border-top-right-radius:0px;border-bottom-left-radius:0px;border-bottom-right-radius:0px;aspect-ratio:1.7777777777777777;object-fit:cover\" srcset=\"https:\/\/lbrochu.dectim.ca\/tp2\/wp-content\/uploads\/2026\/03\/coton.jpg 1000w, https:\/\/lbrochu.dectim.ca\/tp2\/wp-content\/uploads\/2026\/03\/coton-300x225.jpg 300w, https:\/\/lbrochu.dectim.ca\/tp2\/wp-content\/uploads\/2026\/03\/coton-768x576.jpg 768w\" sizes=\"auto, (max-width: 1000px) 100vw, 1000px\" \/><\/figure>\n<\/div>\n\n\n\n<div id=\"wp-block-themeisle-blocks-advanced-column-a450b2b3\" class=\"wp-block-themeisle-blocks-advanced-column\">\n<div class=\"wp-block-group animated slideInRight wp-container-content-958eb9dc is-vertical is-layout-flex wp-container-core-group-is-layout-4b481115 wp-block-group-is-layout-flex\" style=\"min-height:0px;margin-top:0;margin-bottom:0;padding-right:0;padding-left:0\">\n<div class=\"wp-block-group is-nowrap is-layout-flex wp-container-core-group-is-layout-f0acb57f wp-block-group-is-layout-flex\" style=\"padding-right:0;padding-left:0\">\n<div\n    class=\"align wp-block-evib-icon-box\"    id='evbIconBox-2'\n    data-attributes='{&quot;icon&quot;:{&quot;isUpload&quot;:false,&quot;svg&quot;:&quot;&lt;svg xmlns=&#039;http:\\\/\\\/www.w3.org\\\/2000\\\/svg&#039; viewBox=&#039;0 0 640 512&#039;&gt;&lt;path d=&#039;M96 128a128 128 0 1 1 256 0A128 128 0 1 1 96 128zM0 482.3C0 383.8 79.8 304 178.3 304h91.4C368.2 304 448 383.8 448 482.3c0 16.4-13.3 29.7-29.7 29.7H29.7C13.3 512 0 498.7 0 482.3zM609.3 512H471.4c5.4-9.4 8.6-20.3 8.6-32v-8c0-60.7-27.1-115.2-69.8-151.8c2.4-.1 4.7-.2 7.1-.2h61.4C567.8 320 640 392.2 640 481.3c0 17-13.8 30.7-30.7 30.7zM432 256c-31 0-59-12.6-79.3-32.9C372.4 196.5 384 163.6 384 128c0-26.8-6.6-52.1-18.3-74.3C384.3 40.1 407.2 32 432 32c61.9 0 112 50.1 112 112s-50.1 112-112 112z&#039;\\\/&gt;&lt;\\\/svg&gt;&quot;,&quot;img&quot;:&quot;&quot;,&quot;imgFit&quot;:&quot;&quot;,&quot;label&quot;:&quot;&quot;,&quot;width&quot;:{&quot;desktop&quot;:&quot;42px&quot;,&quot;tablet&quot;:&quot;&quot;,&quot;mobile&quot;:&quot;&quot;},&quot;height&quot;:{&quot;desktop&quot;:&quot;42px&quot;,&quot;tablet&quot;:&quot;&quot;,&quot;mobile&quot;:&quot;&quot;},&quot;color&quot;:{&quot;normal&quot;:&quot;var(--ast-global-color-2)&quot;,&quot;hover&quot;:&quot;&quot;},&quot;shadow&quot;:&quot;&quot;},&quot;advanced&quot;:{&quot;dimension&quot;:{&quot;padding&quot;:{&quot;desktop&quot;:&quot;10px 15px 0px 0px&quot;,&quot;tablet&quot;:&quot;&quot;,&quot;mobile&quot;:&quot;&quot;}},&quot;background&quot;:{&quot;normal&quot;:&quot;background-color: ;&quot;,&quot;hover&quot;:&quot;&quot;},&quot;frame&quot;:{&quot;radius&quot;:&quot;50%&quot;,&quot;normal&quot;:{&quot;radius&quot;:&quot;50px 50px 50px 50px&quot;}},&quot;animation&quot;:{&quot;type&quot;:&quot;&quot;},&quot;transitions&quot;:&quot;&quot;},&quot;align&quot;:&quot;&quot;,&quot;width&quot;:{&quot;desktop&quot;:&quot;&quot;,&quot;tablet&quot;:&quot;&quot;,&quot;mobile&quot;:&quot;&quot;},&quot;height&quot;:{&quot;desktop&quot;:&quot;&quot;,&quot;tablet&quot;:&quot;&quot;,&quot;mobile&quot;:&quot;&quot;},&quot;alignment&quot;:{&quot;desktop&quot;:&quot;center&quot;,&quot;tablet&quot;:&quot;&quot;,&quot;mobile&quot;:&quot;&quot;},&quot;hasCustomCSS&quot;:false,&quot;customCSS&quot;:&quot;&quot;,&quot;otterConditions&quot;:[]}'\n><\/div>\n\n\n<h2 class=\"wp-block-heading wp-container-content-9cfa9a5a\">Notre client\u00e8le<\/h2>\n<\/div>\n\n\n\n<p>Pour les <strong>entreprises<\/strong> qui connaissent une surcharge de travail et qui <strong>confient certaines t\u00e2ches<\/strong> \u00e0 une <strong>\u00e9quipe externe sp\u00e9cialis\u00e9e<\/strong>. Notre entreprise se distingue par sa capacit\u00e9 \u00e0 <strong>s&rsquo;adapter \u00e0 sa client\u00e8le<\/strong>, ce qui nous permet de r\u00e9aliser <strong>tout type de projets<\/strong>.<\/p>\n<\/div>\n<\/div>\n<\/div><\/div>\n\n\n\n<div id=\"wp-block-themeisle-blocks-advanced-columns-95b1a594\" class=\"wp-block-themeisle-blocks-advanced-columns alignfull has-2-columns has-desktop-equal-layout has-tablet-equal-layout has-mobile-collapsedRows-layout has-reverse-columns-mobile has-vertical-center ticss-c00aadba has-dark-bg\"><div class=\"wp-block-themeisle-blocks-advanced-columns-overlay\"><\/div><div class=\"innerblocks-wrap\">\n<div id=\"wp-block-themeisle-blocks-advanced-column-9e4e7b82\" class=\"wp-block-themeisle-blocks-advanced-column\">\n<div class=\"wp-block-group animated slideInLeft wp-container-content-958eb9dc is-vertical is-layout-flex wp-container-core-group-is-layout-bcb85540 wp-block-group-is-layout-flex\" style=\"border-top-left-radius:0px;border-top-right-radius:0px;border-bottom-left-radius:0px;border-bottom-right-radius:0px;margin-top:0;margin-bottom:0;padding-top:var(--wp--preset--spacing--40);padding-right:var(--wp--preset--spacing--40);padding-bottom:var(--wp--preset--spacing--40);padding-left:var(--wp--preset--spacing--40)\">\n<div class=\"wp-block-group wp-container-content-958eb9dc is-nowrap is-layout-flex wp-container-core-group-is-layout-f0acb57f wp-block-group-is-layout-flex\" style=\"padding-right:0;padding-left:0\">\n<div\n    class=\"align wp-block-evib-icon-box\"    id='evbIconBox-3'\n    data-attributes='{&quot;icon&quot;:{&quot;isUpload&quot;:false,&quot;svg&quot;:&quot;&lt;svg xmlns=&#039;http:\\\/\\\/www.w3.org\\\/2000\\\/svg&#039; viewBox=&#039;0 0 512 512&#039;&gt;&lt;path d=&#039;M256 0a256 256 0 1 1 0 512A256 256 0 1 1 256 0zM232 120V256c0 8 4 15.5 10.7 20l96 64c11 7.4 25.9 4.4 33.3-6.7s4.4-25.9-6.7-33.3L280 243.2V120c0-13.3-10.7-24-24-24s-24 10.7-24 24z&#039;\\\/&gt;&lt;\\\/svg&gt;&quot;,&quot;img&quot;:&quot;&quot;,&quot;imgFit&quot;:&quot;&quot;,&quot;label&quot;:&quot;&quot;,&quot;width&quot;:{&quot;desktop&quot;:&quot;42px&quot;,&quot;tablet&quot;:&quot;&quot;,&quot;mobile&quot;:&quot;&quot;},&quot;height&quot;:{&quot;desktop&quot;:&quot;42px&quot;,&quot;tablet&quot;:&quot;&quot;,&quot;mobile&quot;:&quot;&quot;},&quot;color&quot;:{&quot;normal&quot;:&quot;#ffffff&quot;,&quot;hover&quot;:&quot;&quot;},&quot;shadow&quot;:&quot;&quot;},&quot;advanced&quot;:{&quot;dimension&quot;:{&quot;padding&quot;:{&quot;desktop&quot;:&quot;10px 15px 0px 0px&quot;,&quot;tablet&quot;:&quot;&quot;,&quot;mobile&quot;:&quot;&quot;}},&quot;background&quot;:{&quot;normal&quot;:&quot;background-color: ;&quot;,&quot;hover&quot;:&quot;&quot;},&quot;frame&quot;:{&quot;radius&quot;:&quot;50%&quot;,&quot;normal&quot;:{&quot;radius&quot;:&quot;50px 50px 50px 50px&quot;}},&quot;animation&quot;:{&quot;type&quot;:&quot;&quot;},&quot;transitions&quot;:&quot;&quot;},&quot;align&quot;:&quot;&quot;,&quot;width&quot;:{&quot;desktop&quot;:&quot;&quot;,&quot;tablet&quot;:&quot;&quot;,&quot;mobile&quot;:&quot;&quot;},&quot;height&quot;:{&quot;desktop&quot;:&quot;&quot;,&quot;tablet&quot;:&quot;&quot;,&quot;mobile&quot;:&quot;&quot;},&quot;alignment&quot;:{&quot;desktop&quot;:&quot;center&quot;,&quot;tablet&quot;:&quot;&quot;,&quot;mobile&quot;:&quot;&quot;},&quot;hasCustomCSS&quot;:false,&quot;customCSS&quot;:&quot;&quot;,&quot;otterConditions&quot;:[]}'\n><\/div>\n\n\n<h2 class=\"wp-block-heading has-ast-global-color-4-color has-text-color has-link-color wp-elements-0f33fd4c22ee8fff86d0a5325787ca77\">Notre histoire<\/h2>\n<\/div>\n\n\n\n<p>Cr\u00e9\u00e9e en <strong><o-anim-typing>2020<\/o-anim-typing><\/strong> par deux anciens \u00e9tudiants en techniques d&rsquo;int\u00e9gration multim\u00e9dia, notre agence b\u00e9n\u00e9ficie de plus de <strong>cinq ans d\u2019exp\u00e9rience<\/strong> dans le domaine. Anim\u00e9e par la passion, elle poursuit son but principal : satisfaire ses clients.<\/p>\n<\/div>\n<\/div>\n\n\n\n<div id=\"wp-block-themeisle-blocks-advanced-column-b5467103\" class=\"wp-block-themeisle-blocks-advanced-column\">\n<figure class=\"wp-block-image size-large has-custom-border is-style-default\"><img loading=\"lazy\" decoding=\"async\" width=\"1024\" height=\"534\" src=\"https:\/\/lbrochu.dectim.ca\/tp2\/wp-content\/uploads\/2026\/03\/notre_histoire-1024x534.jpg\" alt=\"\" class=\"wp-image-1178\" style=\"border-top-left-radius:0px;border-top-right-radius:0px;border-bottom-left-radius:0px;border-bottom-right-radius:0px;aspect-ratio:16\/9;object-fit:cover\" srcset=\"https:\/\/lbrochu.dectim.ca\/tp2\/wp-content\/uploads\/2026\/03\/notre_histoire-1024x534.jpg 1024w, https:\/\/lbrochu.dectim.ca\/tp2\/wp-content\/uploads\/2026\/03\/notre_histoire-300x156.jpg 300w, https:\/\/lbrochu.dectim.ca\/tp2\/wp-content\/uploads\/2026\/03\/notre_histoire-768x400.jpg 768w, https:\/\/lbrochu.dectim.ca\/tp2\/wp-content\/uploads\/2026\/03\/notre_histoire.jpg 1126w\" sizes=\"auto, (max-width: 1024px) 100vw, 1024px\" \/><\/figure>\n<\/div>\n<\/div><\/div>\n\n\n\n<div id=\"wp-block-themeisle-blocks-advanced-columns-a20c2998\" class=\"wp-block-themeisle-blocks-advanced-columns alignfull has-2-columns has-desktop-equal-layout has-tablet-equal-layout has-mobile-collapsedRows-layout has-reverse-columns-mobile has-vertical-center ticss-c00aadba has-light-bg\"><div class=\"wp-block-themeisle-blocks-advanced-columns-overlay\"><\/div><div class=\"innerblocks-wrap\">\n<div id=\"wp-block-themeisle-blocks-advanced-column-39fcd2bf\" class=\"wp-block-themeisle-blocks-advanced-column\">\n<figure class=\"wp-block-image size-large has-custom-border is-style-default\"><img loading=\"lazy\" decoding=\"async\" width=\"1024\" height=\"709\" src=\"https:\/\/lbrochu.dectim.ca\/tp2\/wp-content\/uploads\/2026\/03\/nos_valeurs-2-1024x709.jpg\" alt=\"\" class=\"wp-image-1154\" style=\"border-top-left-radius:0px;border-top-right-radius:0px;border-bottom-left-radius:0px;border-bottom-right-radius:0px;aspect-ratio:16\/9;object-fit:cover\" srcset=\"https:\/\/lbrochu.dectim.ca\/tp2\/wp-content\/uploads\/2026\/03\/nos_valeurs-2-1024x709.jpg 1024w, https:\/\/lbrochu.dectim.ca\/tp2\/wp-content\/uploads\/2026\/03\/nos_valeurs-2-300x208.jpg 300w, https:\/\/lbrochu.dectim.ca\/tp2\/wp-content\/uploads\/2026\/03\/nos_valeurs-2-768x532.jpg 768w, https:\/\/lbrochu.dectim.ca\/tp2\/wp-content\/uploads\/2026\/03\/nos_valeurs-2.jpg 1126w\" sizes=\"auto, (max-width: 1024px) 100vw, 1024px\" \/><\/figure>\n<\/div>\n\n\n\n<div id=\"wp-block-themeisle-blocks-advanced-column-6cbd4949\" class=\"wp-block-themeisle-blocks-advanced-column\">\n<div class=\"wp-block-group animated slideInRight wp-container-content-958eb9dc is-vertical is-layout-flex wp-container-core-group-is-layout-4b481115 wp-block-group-is-layout-flex\" style=\"min-height:0px;margin-top:0;margin-bottom:0;padding-right:0;padding-left:0\">\n<div class=\"wp-block-group is-nowrap is-layout-flex wp-container-core-group-is-layout-f0acb57f wp-block-group-is-layout-flex\" style=\"padding-right:0;padding-left:0\">\n<div\n    class=\"align wp-block-evib-icon-box\"    id='evbIconBox-4'\n    data-attributes='{&quot;icon&quot;:{&quot;isUpload&quot;:false,&quot;svg&quot;:&quot;&lt;svg xmlns=&#039;http:\\\/\\\/www.w3.org\\\/2000\\\/svg&#039; viewBox=&#039;0 0 512 512&#039;&gt;&lt;path d=&#039;M47.6 300.4L228.3 469.1c7.5 7 17.4 10.9 27.7 10.9s20.2-3.9 27.7-10.9L464.4 300.4c30.4-28.3 47.6-68 47.6-109.5v-5.8c0-69.9-50.5-129.5-119.4-141C347 36.5 300.6 51.4 268 84L256 96 244 84c-32.6-32.6-79-47.5-124.6-39.9C50.5 55.6 0 115.2 0 185.1v5.8c0 41.5 17.2 81.2 47.6 109.5z&#039;\\\/&gt;&lt;\\\/svg&gt;&quot;,&quot;img&quot;:&quot;&quot;,&quot;imgFit&quot;:&quot;&quot;,&quot;label&quot;:&quot;&quot;,&quot;width&quot;:{&quot;desktop&quot;:&quot;42px&quot;,&quot;tablet&quot;:&quot;&quot;,&quot;mobile&quot;:&quot;&quot;},&quot;height&quot;:{&quot;desktop&quot;:&quot;42px&quot;,&quot;tablet&quot;:&quot;&quot;,&quot;mobile&quot;:&quot;&quot;},&quot;color&quot;:{&quot;normal&quot;:&quot;var(--ast-global-color-2)&quot;,&quot;hover&quot;:&quot;&quot;},&quot;shadow&quot;:&quot;&quot;},&quot;advanced&quot;:{&quot;dimension&quot;:{&quot;padding&quot;:{&quot;desktop&quot;:&quot;10px 15px 0px 0px&quot;,&quot;tablet&quot;:&quot;&quot;,&quot;mobile&quot;:&quot;&quot;}},&quot;background&quot;:{&quot;normal&quot;:&quot;background-color: ;&quot;,&quot;hover&quot;:&quot;&quot;},&quot;frame&quot;:{&quot;radius&quot;:&quot;50%&quot;,&quot;normal&quot;:{&quot;radius&quot;:&quot;50px 50px 50px 50px&quot;}},&quot;animation&quot;:{&quot;type&quot;:&quot;&quot;},&quot;transitions&quot;:&quot;&quot;},&quot;align&quot;:&quot;&quot;,&quot;width&quot;:{&quot;desktop&quot;:&quot;&quot;,&quot;tablet&quot;:&quot;&quot;,&quot;mobile&quot;:&quot;&quot;},&quot;height&quot;:{&quot;desktop&quot;:&quot;&quot;,&quot;tablet&quot;:&quot;&quot;,&quot;mobile&quot;:&quot;&quot;},&quot;alignment&quot;:{&quot;desktop&quot;:&quot;center&quot;,&quot;tablet&quot;:&quot;&quot;,&quot;mobile&quot;:&quot;&quot;},&quot;hasCustomCSS&quot;:false,&quot;customCSS&quot;:&quot;&quot;,&quot;otterConditions&quot;:[]}'\n><\/div>\n\n\n<h2 class=\"wp-block-heading has-ast-global-color-2-color has-text-color has-link-color wp-elements-4e8693f640cee861972bf6c4f100adf0 wp-container-content-9cfa9a5a\">Nos valeurs<\/h2>\n<\/div>\n\n\n\n<p class=\"has-ast-global-color-2-color has-text-color has-link-color wp-elements-d5b782b9a056822ce2ff1946fe339edd\">Nous sommes une entreprise qui valorise la <strong>cr\u00e9ativit\u00e9<\/strong>, la <strong>qualit\u00e9 <\/strong>et le <strong>travail d&rsquo;\u00e9quipe<\/strong>. Nous nous assurons de donner un <strong>service exceptionnel<\/strong> \u00e0 nos clients. Leur satisfaction et leur suivi sont ce qui nous importe le plus.<\/p>\n<\/div>\n<\/div>\n<\/div><\/div>\n","protected":false},"excerpt":{"rendered":"","protected":false},"author":1,"featured_media":0,"parent":0,"menu_order":0,"comment_status":"closed","ping_status":"closed","template":"","meta":{"site-sidebar-layout":"default","site-content-layout":"","ast-site-content-layout":"default","site-content-style":"default","site-sidebar-style":"default","ast-global-header-display":"","ast-banner-title-visibility":"","ast-main-header-display":"","ast-hfb-above-header-display":"","ast-hfb-below-header-display":"","ast-hfb-mobile-header-display":"","site-post-title":"disabled","ast-breadcrumbs-content":"","ast-featured-img":"","footer-sml-layout":"","ast-disable-related-posts":"","theme-transparent-header-meta":"","adv-header-id-meta":"","stick-header-meta":"","header-above-stick-meta":"","header-main-stick-meta":"","header-below-stick-meta":"","astra-migrate-meta-layouts":"default","ast-page-background-enabled":"default","ast-page-background-meta":{"desktop":{"background-color":"var(--ast-global-color-5)","background-image":"","background-repeat":"repeat","background-position":"center center","background-size":"auto","background-attachment":"scroll","background-type":"","background-media":"","overlay-type":"","overlay-color":"","overlay-opacity":"","overlay-gradient":""},"tablet":{"background-color":"","background-image":"","background-repeat":"repeat","background-position":"center center","background-size":"auto","background-attachment":"scroll","background-type":"","background-media":"","overlay-type":"","overlay-color":"","overlay-opacity":"","overlay-gradient":""},"mobile":{"background-color":"","background-image":"","background-repeat":"repeat","background-position":"center center","background-size":"auto","background-attachment":"scroll","background-type":"","background-media":"","overlay-type":"","overlay-color":"","overlay-opacity":"","overlay-gradient":""}},"ast-content-background-meta":{"desktop":{"background-color":"var(--ast-global-color-4)","background-image":"","background-repeat":"repeat","background-position":"center center","background-size":"auto","background-attachment":"scroll","background-type":"","background-media":"","overlay-type":"","overlay-color":"","overlay-opacity":"","overlay-gradient":""},"tablet":{"background-color":"var(--ast-global-color-4)","background-image":"","background-repeat":"repeat","background-position":"center center","background-size":"auto","background-attachment":"scroll","background-type":"","background-media":"","overlay-type":"","overlay-color":"","overlay-opacity":"","overlay-gradient":""},"mobile":{"background-color":"var(--ast-global-color-4)","background-image":"","background-repeat":"repeat","background-position":"center center","background-size":"auto","background-attachment":"scroll","background-type":"","background-media":"","overlay-type":"","overlay-color":"","overlay-opacity":"","overlay-gradient":""}},"_themeisle_gutenberg_block_has_review":false,"footnotes":""},"class_list":["post-12","page","type-page","status-publish","hentry"],"_links":{"self":[{"href":"https:\/\/lbrochu.dectim.ca\/tp2\/wp-json\/wp\/v2\/pages\/12","targetHints":{"allow":["GET"]}}],"collection":[{"href":"https:\/\/lbrochu.dectim.ca\/tp2\/wp-json\/wp\/v2\/pages"}],"about":[{"href":"https:\/\/lbrochu.dectim.ca\/tp2\/wp-json\/wp\/v2\/types\/page"}],"author":[{"embeddable":true,"href":"https:\/\/lbrochu.dectim.ca\/tp2\/wp-json\/wp\/v2\/users\/1"}],"replies":[{"embeddable":true,"href":"https:\/\/lbrochu.dectim.ca\/tp2\/wp-json\/wp\/v2\/comments?post=12"}],"version-history":[{"count":96,"href":"https:\/\/lbrochu.dectim.ca\/tp2\/wp-json\/wp\/v2\/pages\/12\/revisions"}],"predecessor-version":[{"id":2652,"href":"https:\/\/lbrochu.dectim.ca\/tp2\/wp-json\/wp\/v2\/pages\/12\/revisions\/2652"}],"wp:attachment":[{"href":"https:\/\/lbrochu.dectim.ca\/tp2\/wp-json\/wp\/v2\/media?parent=12"}],"curies":[{"name":"wp","href":"https:\/\/api.w.org\/{rel}","templated":true}]}}