{"id":14,"date":"2026-02-01T19:08:11","date_gmt":"2026-02-02T00:08:11","guid":{"rendered":"https:\/\/lbrochu.dectim.ca\/tp2\/?page_id=14"},"modified":"2026-05-11T09:09:35","modified_gmt":"2026-05-11T13:09:35","slug":"equipe","status":"publish","type":"page","link":"https:\/\/lbrochu.dectim.ca\/tp2\/equipe\/","title":{"rendered":"\u00c9quipe"},"content":{"rendered":"\n<div style=\"height:110px\" aria-hidden=\"true\" class=\"wp-block-spacer\"><\/div>\n\n\n\n<section id=\"wp-block-themeisle-blocks-advanced-columns-9f8848a6\" class=\"wp-block-themeisle-blocks-advanced-columns alignfull has-2-columns has-desktop-twoOne-layout has-tablet-collapsedRows-layout has-mobile-collapsedRows-layout has-reverse-columns-tablet has-reverse-columns-mobile has-vertical-center\"><div class=\"wp-block-themeisle-blocks-advanced-columns-overlay\"><\/div><div class=\"innerblocks-wrap\">\n<div id=\"wp-block-themeisle-blocks-advanced-column-cedf80ca\" class=\"wp-block-themeisle-blocks-advanced-column animated backInLeft\">\n<h2 id=\"wp-block-themeisle-blocks-advanced-heading-ddc7a054\" class=\"wp-block-themeisle-blocks-advanced-heading wp-block-themeisle-blocks-advanced-heading-ddc7a054\">Notre \u00c9quipe<\/h2>\n\n\n\n<div style=\"height:40px\" aria-hidden=\"true\" class=\"wp-block-spacer\"><\/div>\n\n\n\n<p class=\"has-text-align-left has-ast-global-color-4-color has-text-color has-link-color wp-elements-3a5d71180b397d31dbf1d1bb9b6d71f9\">Notre \u00e9quipe est constitu\u00e9e de multiples <strong>employ\u00e9s sp\u00e9cialis\u00e9s<\/strong> dans divers domaines, ce qui nous permet d&rsquo;avoir une \u00e9quipe comp\u00e9tente.<\/p>\n<\/div>\n\n\n\n<div id=\"wp-block-themeisle-blocks-advanced-column-48eed1bc\" class=\"wp-block-themeisle-blocks-advanced-column\"><\/div>\n<\/div><\/section>\n\n\n\n<div class=\"wp-block-group is-layout-grid wp-container-core-group-is-layout-6f0d2e14 wp-block-group-is-layout-grid\">\n<div class=\"wp-block-group ticss-770ed6b5 animated fadeInLeft delay-500ms tw-stretched-link is-vertical is-content-justification-stretch is-layout-flex wp-container-core-group-is-layout-b7d4e6ee wp-block-group-is-layout-flex\" style=\"border-top-left-radius:24px;border-top-right-radius:24px;border-bottom-left-radius:24px;border-bottom-right-radius:24px;padding-top:0;padding-right:0;padding-bottom:0;padding-left:0\">\n<figure class=\"wp-block-image size-full has-custom-border\"><img decoding=\"async\" style=\"aspect-ratio: 1\/1; weight: 100%; border-radius: 24px 24px 0 0; object-fit:cover;\" src=\"https:\/\/lbrochu.dectim.ca\/tp2\/wp-content\/uploads\/2026\/03\/20260309_104537-1.png\" alt=\"\" class=\"wp-image-791\" style=\"border-top-left-radius:24px;border-top-right-radius:24px;border-bottom-left-radius:24px;border-bottom-right-radius:24px\"\/><\/figure>\n\n\n\n<div class=\"wp-block-group has-background is-vertical is-content-justification-left is-nowrap is-layout-flex wp-container-core-group-is-layout-d8e8b415 wp-block-group-is-layout-flex\" style=\"border-bottom-left-radius:15px;border-bottom-right-radius:15px;background-color:#070614;margin-top:0;margin-bottom:0;padding-top:var(--wp--preset--spacing--40);padding-right:var(--wp--preset--spacing--50);padding-bottom:var(--wp--preset--spacing--40);padding-left:var(--wp--preset--spacing--50)\">\n<div class=\"wp-block-group is-vertical is-layout-flex wp-container-core-group-is-layout-67710c2e wp-block-group-is-layout-flex\" style=\"margin-top:0;margin-bottom:0;padding-top:0;padding-bottom:0\">\n<h3 class=\"wp-block-heading has-text-color has-link-color wp-elements-252af02c9fb3b67c24a4af208e7c8bf3\" style=\"color:#f2f2f2\">Alexandre Donato<\/h3>\n\n\n\n<p class=\"has-text-color has-link-color wp-elements-0aadb7930a6bf59817c15ccaba9de989\" style=\"color:#f2f2f2\">Directeur artistique<\/p>\n<\/div>\n\n\n\n<div class=\"wp-block-qi-blocks-button qodef-block-container qodef-block-dff15a4c\"><a class=\"qi-block-button qodef-block qodef-m qodef-layout--filled qodef-type--standard qodef-size--small qodef-hover--icon-move-horizontal-short\" href=\"https:\/\/lbrochu.dectim.ca\/tp2\/metier-5\/\"><span class=\"qodef-m-text\">D\u00e9tail<\/span><\/a><\/div>\n<\/div>\n<\/div>\n\n\n\n<div class=\"wp-block-group ticss-e576ffcd animated fadeInLeftBig delay-200ms tw-stretched-link is-vertical is-content-justification-stretch is-layout-flex wp-container-core-group-is-layout-b7d4e6ee wp-block-group-is-layout-flex\" style=\"border-top-left-radius:24px;border-top-right-radius:24px;border-bottom-left-radius:24px;border-bottom-right-radius:24px;padding-top:0;padding-right:0;padding-bottom:0;padding-left:0\">\n<figure class=\"wp-block-image size-large has-custom-border\"><img decoding=\"async\"  style=\"aspect-ratio: 1\/1; weight: 100%; border-radius: 24px 24px 0 0; object-fit:cover;\" src=\"https:\/\/lbrochu.dectim.ca\/tp2\/wp-content\/uploads\/2026\/03\/20260302_110729-1.png\" alt=\"\" class=\"wp-image-565\" style=\"border-top-left-radius:24px;border-top-right-radius:24px;border-bottom-left-radius:24px;border-bottom-right-radius:24px;aspect-ratio:1;object-fit:cover\"\/><\/figure>\n\n\n\n<div class=\"wp-block-group has-background is-vertical is-content-justification-left is-nowrap is-layout-flex wp-container-core-group-is-layout-7d0c1363 wp-block-group-is-layout-flex\" style=\"border-bottom-left-radius:15px;border-bottom-right-radius:15px;background-color:#070614;padding-top:var(--wp--preset--spacing--40);padding-right:var(--wp--preset--spacing--50);padding-bottom:var(--wp--preset--spacing--40);padding-left:var(--wp--preset--spacing--50)\">\n<div class=\"wp-block-group is-vertical is-layout-flex wp-container-core-group-is-layout-4b827052 wp-block-group-is-layout-flex\">\n<h3 class=\"wp-block-heading has-text-color has-link-color wp-elements-7aac209baf841c59262c135ddecce14f\" style=\"color:#f2f2f2\">Thomas Dor\u00e9<\/h3>\n\n\n\n<p class=\"has-text-color has-link-color wp-elements-45eeb166b1ddbea620f7592edfd8fc64\" style=\"color:#f2f2f2\">Designer de marque<\/p>\n<\/div>\n\n\n\n<div class=\"wp-block-qi-blocks-button qodef-block-container qodef-block-eb4fbe16\"><a class=\"qi-block-button qodef-block qodef-m qodef-layout--filled qodef-type--standard qodef-size--small qodef-hover--icon-move-horizontal-short\" href=\"https:\/\/lbrochu.dectim.ca\/tp2\/metier-4\/\"><span class=\"qodef-m-text\">D\u00e9tail<\/span><\/a><\/div>\n<\/div>\n<\/div>\n\n\n\n<div class=\"wp-block-group ticss-f13ea037 animated fadeInLeftBig tw-stretched-link is-vertical is-content-justification-stretch is-layout-flex wp-container-core-group-is-layout-b7d4e6ee wp-block-group-is-layout-flex\" style=\"border-top-left-radius:24px;border-top-right-radius:24px;border-bottom-left-radius:24px;border-bottom-right-radius:24px;padding-top:0;padding-right:0;padding-bottom:0;padding-left:0\">\n<figure class=\"wp-block-image size-full has-custom-border\"><img decoding=\"async\" style=\"aspect-ratio: 1\/1; weight: 100%; border-radius: 24px 24px 0 0; object-fit:cover;\"  src=\"https:\/\/lbrochu.dectim.ca\/tp2\/wp-content\/uploads\/2026\/03\/20260302_110744.png\" alt=\"\" class=\"wp-image-572\" style=\"border-top-left-radius:24px;border-top-right-radius:24px;border-bottom-left-radius:24px;border-bottom-right-radius:24px\"\/><\/figure>\n\n\n\n<div class=\"wp-block-group ticss-2f98e2ee has-ast-global-color-6-background-color has-background tw-stretched-link wp-container-content-9cfa9a5a is-vertical is-content-justification-left is-nowrap is-layout-flex wp-container-core-group-is-layout-7d0c1363 wp-block-group-is-layout-flex tw-has-hover-text\" style=\"--hover-text-color:var(--wp--preset--color--ast-global-color-2);border-bottom-left-radius:15px;border-bottom-right-radius:15px;padding-top:var(--wp--preset--spacing--40);padding-right:var(--wp--preset--spacing--50);padding-bottom:var(--wp--preset--spacing--40);padding-left:var(--wp--preset--spacing--50)\">\n<div class=\"wp-block-group is-vertical is-layout-flex wp-container-core-group-is-layout-4b827052 wp-block-group-is-layout-flex\">\n<h3 class=\"wp-block-heading has-text-color has-link-color wp-elements-341f5f4bf59237614d82bdb63c6827f1\" style=\"color:#f2f2f2\">Louis-Charles Brochu<\/h3>\n\n\n\n<p class=\"has-text-color has-link-color wp-elements-3484d466d7a090072bc405daf59f896e\" style=\"color:#f2f2f2\">Designer graphique<\/p>\n<\/div>\n\n\n\n<div class=\"wp-block-qi-blocks-button qodef-block-container qodef-block-2ad3dcfc\"><a class=\"qi-block-button qodef-block qodef-m qodef-layout--filled qodef-type--standard qodef-size--small qodef-hover--icon-move-horizontal-short\" href=\"https:\/\/lbrochu.dectim.ca\/tp2\/metier-2\/\"><span class=\"qodef-m-text\">D\u00e9tail<\/span><\/a><\/div>\n<\/div>\n<\/div>\n\n\n\n<div class=\"wp-block-group ticss-430256bf animated fadeInLeft delay-500ms tw-stretched-link is-vertical is-content-justification-stretch is-layout-flex wp-container-core-group-is-layout-b7d4e6ee wp-block-group-is-layout-flex\" style=\"border-top-left-radius:24px;border-top-right-radius:24px;border-bottom-left-radius:24px;border-bottom-right-radius:24px;padding-top:0;padding-right:0;padding-bottom:0;padding-left:0\">\n<figure class=\"wp-block-image size-full has-custom-border\"><img decoding=\"async\"  style=\"aspect-ratio: 1\/1; weight: 100%; border-radius: 24px 24px 0 0; background-color: #667C7E;\n  padding-right: 20px;\n  padding-left: 15px; object-fit:cover;\"  src=\"https:\/\/lbrochu.dectim.ca\/tp2\/wp-content\/uploads\/2026\/03\/20260302_111106.png\" alt=\"\" class=\"wp-image-570\" style=\"border-top-left-radius:24px;border-top-right-radius:24px;border-bottom-left-radius:24px;border-bottom-right-radius:24px\"\/><\/figure>\n\n\n\n<div class=\"wp-block-group has-ast-global-color-6-background-color has-background is-vertical is-content-justification-left is-nowrap is-layout-flex wp-container-core-group-is-layout-7d0c1363 wp-block-group-is-layout-flex\" style=\"border-bottom-left-radius:15px;border-bottom-right-radius:15px;padding-top:var(--wp--preset--spacing--40);padding-right:var(--wp--preset--spacing--50);padding-bottom:var(--wp--preset--spacing--40);padding-left:var(--wp--preset--spacing--50)\">\n<div class=\"wp-block-group is-vertical is-layout-flex wp-container-core-group-is-layout-4b827052 wp-block-group-is-layout-flex\">\n<h3 class=\"wp-block-heading has-text-color has-link-color wp-elements-817ce3c12296cc4ffa677b0e19ecefcd\" style=\"color:#f2f2f2\">Lo\u00efc Blanchette<\/h3>\n\n\n\n<p class=\"has-text-color has-link-color wp-elements-0a61dd919d7e7e84355cfa219e3c3d7e\" style=\"color:#f2f2f2\">Designer UI<\/p>\n<\/div>\n\n\n\n<div class=\"wp-block-qi-blocks-button qodef-block-container qodef-block-9dc83911\"><a class=\"qi-block-button qodef-block qodef-m qodef-layout--filled qodef-type--standard qodef-size--small qodef-hover--icon-move-horizontal-short\" href=\"https:\/\/lbrochu.dectim.ca\/tp2\/metier-3\/\"><span class=\"qodef-m-text\">D\u00e9tail<\/span><\/a><\/div>\n<\/div>\n<\/div>\n\n\n\n<div class=\"wp-block-group ticss-142b503b animated fadeInLeftBig delay-200ms tw-stretched-link is-vertical is-content-justification-stretch is-layout-flex wp-container-core-group-is-layout-b82958f2 wp-block-group-is-layout-flex\" style=\"border-top-left-radius:24px;border-top-right-radius:24px;border-bottom-left-radius:24px;border-bottom-right-radius:24px;min-height:0px;margin-top:0;margin-bottom:0;padding-top:0;padding-right:0;padding-bottom:0;padding-left:0\">\n<figure class=\"wp-block-image size-full has-custom-border\"><img decoding=\"async\" style=\"aspect-ratio: 1\/1; weight: 100%; border-radius: 24px 24px 0 0; object-fit:cover;\" src=\"https:\/\/lbrochu.dectim.ca\/tp2\/wp-content\/uploads\/2026\/03\/20260302_111110.png\" alt=\"\" class=\"wp-image-571\" style=\"border-top-left-radius:24px;border-top-right-radius:24px;border-bottom-left-radius:24px;border-bottom-right-radius:24px\"\/><\/figure>\n\n\n\n<div class=\"wp-block-group has-ast-global-color-6-background-color has-background is-vertical is-content-justification-left is-nowrap is-layout-flex wp-container-core-group-is-layout-09cb212f wp-block-group-is-layout-flex\" style=\"border-bottom-left-radius:15px;border-bottom-right-radius:15px;margin-top:0;margin-bottom:0;padding-top:var(--wp--preset--spacing--40);padding-right:var(--wp--preset--spacing--50);padding-bottom:var(--wp--preset--spacing--40);padding-left:var(--wp--preset--spacing--50)\">\n<div class=\"wp-block-group is-vertical is-layout-flex wp-container-core-group-is-layout-4b827052 wp-block-group-is-layout-flex\">\n<h3 class=\"wp-block-heading has-text-color has-link-color wp-elements-5a21c3236583600c439e2aa0ffb60491\" style=\"color:#f2f2f2\">F\u00e9lix Lapointe<\/h3>\n\n\n\n<p class=\"has-text-color has-link-color wp-elements-1bca5846ceac691b00d2924a1c8dbccf\" style=\"color:#f2f2f2\">Illustrateur<\/p>\n<\/div>\n\n\n\n<div class=\"wp-block-qi-blocks-button qodef-block-container qodef-block-54e582cb\"><a class=\"qi-block-button qodef-block qodef-m qodef-layout--filled qodef-type--standard qodef-size--small qodef-hover--icon-move-horizontal-short\" href=\"https:\/\/lbrochu.dectim.ca\/tp2\/metier-1\/\"><span class=\"qodef-m-text\">D\u00e9tail<\/span><\/a><\/div>\n<\/div>\n<\/div>\n\n\n\n<div class=\"wp-block-group ticss-0997fd26 animated fadeInLeftBig tw-stretched-link is-vertical is-content-justification-stretch is-layout-flex wp-container-core-group-is-layout-b7d4e6ee wp-block-group-is-layout-flex\" style=\"border-top-left-radius:24px;border-top-right-radius:24px;border-bottom-left-radius:24px;border-bottom-right-radius:24px;padding-top:0;padding-right:0;padding-bottom:0;padding-left:0\">\n<figure  class=\"wp-block-image size-full has-custom-border\"><img decoding=\"async\" style=\"aspect-ratio: 1\/1; weight: 100%; border-radius: 24px 24px 0 0; object-fit:cover;\" src=\"https:\/\/lbrochu.dectim.ca\/tp2\/wp-content\/uploads\/2026\/03\/20260302_110736.png\" alt=\"\" class=\"wp-image-567\" style=\"border-top-left-radius:24px;border-top-right-radius:24px;border-bottom-left-radius:24px;border-bottom-right-radius:24px;aspect-ratio:1;object-fit:cover\"\/><\/figure>\n\n\n\n<div class=\"wp-block-group has-ast-global-color-6-background-color has-background is-vertical is-content-justification-left is-nowrap is-layout-flex wp-container-core-group-is-layout-d8e8b415 wp-block-group-is-layout-flex\" style=\"border-bottom-left-radius:15px;border-bottom-right-radius:15px;margin-top:0;margin-bottom:0;padding-top:var(--wp--preset--spacing--40);padding-right:var(--wp--preset--spacing--50);padding-bottom:var(--wp--preset--spacing--40);padding-left:var(--wp--preset--spacing--50)\">\n<div class=\"wp-block-group is-vertical is-layout-flex wp-container-core-group-is-layout-4b827052 wp-block-group-is-layout-flex\">\n<h3 class=\"wp-block-heading has-text-color has-link-color wp-elements-b59f6d9ace2f1ab69061093cc279de3a\" style=\"color:#f2f2f2\">Zack Lamontagne<\/h3>\n\n\n\n<p class=\"has-text-color has-link-color wp-elements-7736a992f1ece71561b989d252707d7f\" style=\"color:#f2f2f2\">Retoucheur photo<\/p>\n<\/div>\n\n\n\n<div class=\"wp-block-qi-blocks-button qodef-block-container qodef-block-98161cdd\"><a class=\"qi-block-button qodef-block qodef-m qodef-layout--filled qodef-type--standard qodef-size--small qodef-hover--icon-move-horizontal-short\" href=\"https:\/\/lbrochu.dectim.ca\/tp2\/metier-6\/\"><span class=\"qodef-m-text\">D\u00e9tail<\/span><\/a><\/div>\n<\/div>\n<\/div>\n<\/div>\n\n\n\n<div style=\"height:50px\" aria-hidden=\"true\" class=\"wp-block-spacer\"><\/div>\n","protected":false},"excerpt":{"rendered":"<p>Alexandre Donato Directeur artistique Thomas Dor\u00e9 Designer de marque Louis-Charles Brochu Designer graphique Lo\u00efc Blanchette Designer UI F\u00e9lix Lapointe Illustrateur [&hellip;]<\/p>\n","protected":false},"author":1,"featured_media":0,"parent":0,"menu_order":0,"comment_status":"closed","ping_status":"closed","template":"","meta":{"site-sidebar-layout":"default","site-content-layout":"","ast-site-content-layout":"default","site-content-style":"default","site-sidebar-style":"default","ast-global-header-display":"","ast-banner-title-visibility":"","ast-main-header-display":"","ast-hfb-above-header-display":"","ast-hfb-below-header-display":"","ast-hfb-mobile-header-display":"","site-post-title":"disabled","ast-breadcrumbs-content":"","ast-featured-img":"","footer-sml-layout":"","ast-disable-related-posts":"","theme-transparent-header-meta":"","adv-header-id-meta":"","stick-header-meta":"","header-above-stick-meta":"","header-main-stick-meta":"","header-below-stick-meta":"","astra-migrate-meta-layouts":"default","ast-page-background-enabled":"default","ast-page-background-meta":{"desktop":{"background-color":"var(--ast-global-color-5)","background-image":"","background-repeat":"repeat","background-position":"center center","background-size":"auto","background-attachment":"scroll","background-type":"","background-media":"","overlay-type":"","overlay-color":"","overlay-opacity":"","overlay-gradient":""},"tablet":{"background-color":"","background-image":"","background-repeat":"repeat","background-position":"center center","background-size":"auto","background-attachment":"scroll","background-type":"","background-media":"","overlay-type":"","overlay-color":"","overlay-opacity":"","overlay-gradient":""},"mobile":{"background-color":"","background-image":"","background-repeat":"repeat","background-position":"center center","background-size":"auto","background-attachment":"scroll","background-type":"","background-media":"","overlay-type":"","overlay-color":"","overlay-opacity":"","overlay-gradient":""}},"ast-content-background-meta":{"desktop":{"background-color":"var(--ast-global-color-4)","background-image":"","background-repeat":"repeat","background-position":"center center","background-size":"auto","background-attachment":"scroll","background-type":"","background-media":"","overlay-type":"","overlay-color":"","overlay-opacity":"","overlay-gradient":""},"tablet":{"background-color":"var(--ast-global-color-4)","background-image":"","background-repeat":"repeat","background-position":"center center","background-size":"auto","background-attachment":"scroll","background-type":"","background-media":"","overlay-type":"","overlay-color":"","overlay-opacity":"","overlay-gradient":""},"mobile":{"background-color":"var(--ast-global-color-4)","background-image":"","background-repeat":"repeat","background-position":"center center","background-size":"auto","background-attachment":"scroll","background-type":"","background-media":"","overlay-type":"","overlay-color":"","overlay-opacity":"","overlay-gradient":""}},"_themeisle_gutenberg_block_has_review":false,"footnotes":""},"class_list":["post-14","page","type-page","status-publish","hentry"],"_links":{"self":[{"href":"https:\/\/lbrochu.dectim.ca\/tp2\/wp-json\/wp\/v2\/pages\/14","targetHints":{"allow":["GET"]}}],"collection":[{"href":"https:\/\/lbrochu.dectim.ca\/tp2\/wp-json\/wp\/v2\/pages"}],"about":[{"href":"https:\/\/lbrochu.dectim.ca\/tp2\/wp-json\/wp\/v2\/types\/page"}],"author":[{"embeddable":true,"href":"https:\/\/lbrochu.dectim.ca\/tp2\/wp-json\/wp\/v2\/users\/1"}],"replies":[{"embeddable":true,"href":"https:\/\/lbrochu.dectim.ca\/tp2\/wp-json\/wp\/v2\/comments?post=14"}],"version-history":[{"count":125,"href":"https:\/\/lbrochu.dectim.ca\/tp2\/wp-json\/wp\/v2\/pages\/14\/revisions"}],"predecessor-version":[{"id":2675,"href":"https:\/\/lbrochu.dectim.ca\/tp2\/wp-json\/wp\/v2\/pages\/14\/revisions\/2675"}],"wp:attachment":[{"href":"https:\/\/lbrochu.dectim.ca\/tp2\/wp-json\/wp\/v2\/media?parent=14"}],"curies":[{"name":"wp","href":"https:\/\/api.w.org\/{rel}","templated":true}]}}