{"id":1515,"date":"2026-03-20T09:49:56","date_gmt":"2026-03-20T13:49:56","guid":{"rendered":"https:\/\/lbrochu.dectim.ca\/tp2\/?page_id=1515"},"modified":"2026-05-13T20:29:34","modified_gmt":"2026-05-14T00:29:34","slug":"services-v2","status":"publish","type":"page","link":"https:\/\/lbrochu.dectim.ca\/tp2\/services-v2\/","title":{"rendered":"Services"},"content":{"rendered":"\n<div class=\"wp-block-qi-blocks-button qodef-block-container qodef-block-dff15a4c\"><a class=\"qi-block-button qodef-block qodef-m qodef-layout--filled qodef-type--standard qodef-size--small qodef-hover--icon-move-horizontal-short\" href=\"https:\/\/lbrochu.dectim.ca\/tp2\/contact\/\"><span class=\"qodef-m-text\">Nous contactez<\/span><\/a><\/div>\n\n\n\n<section id=\"wp-block-themeisle-blocks-advanced-columns-9f8848a6\" class=\"wp-block-themeisle-blocks-advanced-columns alignfull has-2-columns has-desktop-twoOne-layout has-tablet-collapsedRows-layout has-mobile-collapsedRows-layout has-reverse-columns-tablet has-reverse-columns-mobile has-vertical-center\"><div class=\"wp-block-themeisle-blocks-advanced-columns-overlay\"><\/div><div class=\"innerblocks-wrap\">\n<div id=\"wp-block-themeisle-blocks-advanced-column-cedf80ca\" class=\"wp-block-themeisle-blocks-advanced-column animated backInLeft\">\n<h2 id=\"wp-block-themeisle-blocks-advanced-heading-ddc7a054\" class=\"wp-block-themeisle-blocks-advanced-heading wp-block-themeisle-blocks-advanced-heading-ddc7a054\">\u00c9voluez votre entreprise<\/h2>\n\n\n\n<div style=\"height:40px\" aria-hidden=\"true\" class=\"wp-block-spacer\"><\/div>\n\n\n\n<p class=\"has-text-align-left has-ast-global-color-4-color has-text-color has-link-color wp-elements-fa7b0f37e71478d2a12b4f22691700f7\">Nous vous aidons \u00e0 <strong>atteindre vos objectifs<\/strong> et \u00e0 <strong>propulser votre croissance<\/strong>. D\u00e9couvrez nos services adapt\u00e9s pour faire \u00e9voluer votre entreprise dans un <strong>monde en constante \u00e9volution<\/strong>.<\/p>\n<\/div>\n\n\n\n<div id=\"wp-block-themeisle-blocks-advanced-column-48eed1bc\" class=\"wp-block-themeisle-blocks-advanced-column\"><\/div>\n<\/div><\/section>\n\n\n\n<div style=\"height:100px\" aria-hidden=\"true\" class=\"wp-block-spacer\"><\/div>\n\n\n\n<div class=\"wp-block-group is-layout-constrained wp-block-group-is-layout-constrained\">\n<h2 class=\"wp-block-heading has-text-align-center animated fadeInLeft has-ast-global-color-8-color has-text-color has-link-color has-large-font-size wp-elements-2c7ad3bb981b8ae8416f010392850942\" style=\"text-transform:uppercase\">Nos principaux services<\/h2>\n\n\n\n<p class=\"has-text-align-center animated fadeInLeft has-ast-global-color-8-color has-text-color has-link-color wp-elements-f66009c46e9a091df379124683decbe6\" style=\"margin-right:0;margin-left:0;padding-right:20%;padding-left:20%\">Gr\u00e2ce \u00e0 notre <strong>expertise <\/strong>en <strong>Design <\/strong>et <strong>en cr\u00e9ation visuelle<\/strong>, nous vous <strong>supportons mieux<\/strong> que vous ne pouvez l&rsquo;esp\u00e9rer. D\u00e9couvrez nos services adapt\u00e9s \u00e0 <strong>votre entreprise<\/strong> en d\u00e9tail.<\/p>\n\n\n\n<div id=\"grille__services\" class=\"wp-block-group has-medium-font-size is-layout-grid wp-container-core-group-is-layout-965512f0 wp-block-group-is-layout-grid\" style=\"min-height:0%;padding-right:0;padding-left:0\">\n<div class=\"wp-block-group animated bounceInLeft delay-500ms has-ast-global-color-6-background-color has-background wp-container-content-eeae9679 is-layout-constrained wp-block-group-is-layout-constrained\" style=\"border-top-left-radius:24px;border-top-right-radius:24px;border-bottom-left-radius:24px;border-bottom-right-radius:24px\">\n<div class=\"wp-block-cover hover-group ticss-61e3033f tw-stretched-link has-aspect-ratio\" style=\"border-top-left-radius:24px;border-top-right-radius:24px;border-bottom-left-radius:24px;border-bottom-right-radius:24px;min-height:100%;aspect-ratio:3\/4;min-height:unset;\"><img loading=\"lazy\" decoding=\"async\" width=\"824\" height=\"1648\" sizes=\"auto, (max-width: 799px) 125vw, (max-width: 824px) 100vw, 824px\" class=\"wp-block-cover__image-background wp-image-1450 size-full\" alt=\"\" src=\"https:\/\/lbrochu.dectim.ca\/tp2\/wp-content\/uploads\/2026\/03\/Capture-decran-2026-03-20-092125.jpg\" style=\"object-position:38% 0%\" data-object-fit=\"cover\" data-object-position=\"38% 0%\" srcset=\"https:\/\/lbrochu.dectim.ca\/tp2\/wp-content\/uploads\/2026\/03\/Capture-decran-2026-03-20-092125.jpg 824w, https:\/\/lbrochu.dectim.ca\/tp2\/wp-content\/uploads\/2026\/03\/Capture-decran-2026-03-20-092125-150x300.jpg 150w, https:\/\/lbrochu.dectim.ca\/tp2\/wp-content\/uploads\/2026\/03\/Capture-decran-2026-03-20-092125-512x1024.jpg 512w, https:\/\/lbrochu.dectim.ca\/tp2\/wp-content\/uploads\/2026\/03\/Capture-decran-2026-03-20-092125-768x1536.jpg 768w\" \/><span aria-hidden=\"true\" class=\"wp-block-cover__background has-ast-global-color-6-background-color has-background-dim-60 has-background-dim\"><\/span><div class=\"wp-block-cover__inner-container is-layout-flow wp-block-cover-is-layout-flow\">\n<h2 class=\"wp-block-heading has-text-align-center test-title has-ast-global-color-4-color has-text-color has-link-color has-x-large-font-size wp-elements-45edec24fbadd99ebbb04f579c553def\" id=\"test\">Design<\/h2>\n\n\n\n<div class=\"wp-block-group ticss-d0147501 is-layout-constrained wp-block-group-is-layout-constrained\">\n<p class=\".texte ticss-d0147501 has-ast-global-color-4-color has-text-color has-link-color has-large-font-size wp-elements-3e1b19f1ef4f2aa686af3011496ac104\" style=\"padding-right:29px;padding-left:29px\"><em>Notre service de <strong>design <\/strong>va permettre pour vous d&rsquo;avoir des cr\u00e9ations selons vos crit\u00e8res <\/em><\/p>\n\n\n\n<div class=\"wp-block-buttons is-content-justification-center is-layout-flex wp-container-core-buttons-is-layout-2fa3f8ab wp-block-buttons-is-layout-flex\" style=\"padding-right:var(--wp--preset--spacing--40);padding-left:var(--wp--preset--spacing--40)\">\n<div class=\"wp-block-button has-custom-width wp-block-button__width-50\"><a class=\"wp-block-button__link has-ast-global-color-6-color has-ast-global-color-4-background-color has-text-color has-background has-link-color has-medium-font-size has-custom-font-size wp-element-button\" href=\"https:\/\/lbrochu.dectim.ca\/tp2\/design\/\" style=\"padding-top:var(--wp--preset--spacing--20);padding-right:var(--wp--preset--spacing--40);padding-bottom:var(--wp--preset--spacing--20);padding-left:var(--wp--preset--spacing--40)\">En savoir plus<\/a><\/div>\n<\/div>\n<\/div>\n<\/div><\/div>\n<\/div>\n\n\n\n<div class=\"wp-block-group animated bounceInLeft delay-200ms has-ast-global-color-6-background-color has-background is-layout-constrained wp-block-group-is-layout-constrained\" style=\"border-top-left-radius:24px;border-top-right-radius:24px;border-bottom-left-radius:24px;border-bottom-right-radius:24px\">\n<div class=\"wp-block-cover hover-group ticss-61e3033f tw-stretched-link has-aspect-ratio\" style=\"border-top-left-radius:24px;border-top-right-radius:24px;border-bottom-left-radius:24px;border-bottom-right-radius:24px;min-height:100%;aspect-ratio:3\/4;min-height:unset;\"><img loading=\"lazy\" decoding=\"async\" width=\"1978\" height=\"2560\" sizes=\"auto, (max-width: 799px) 125vw, (max-width: 1978px) 100vw, 1978px\" class=\"wp-block-cover__image-background wp-image-1444 size-full\" alt=\"\" src=\"https:\/\/lbrochu.dectim.ca\/tp2\/wp-content\/uploads\/2026\/03\/Impression@4x-scaled.png\" data-object-fit=\"cover\" srcset=\"https:\/\/lbrochu.dectim.ca\/tp2\/wp-content\/uploads\/2026\/03\/Impression@4x-scaled.png 1978w, https:\/\/lbrochu.dectim.ca\/tp2\/wp-content\/uploads\/2026\/03\/Impression@4x-232x300.png 232w, https:\/\/lbrochu.dectim.ca\/tp2\/wp-content\/uploads\/2026\/03\/Impression@4x-791x1024.png 791w, https:\/\/lbrochu.dectim.ca\/tp2\/wp-content\/uploads\/2026\/03\/Impression@4x-768x994.png 768w, https:\/\/lbrochu.dectim.ca\/tp2\/wp-content\/uploads\/2026\/03\/Impression@4x-1187x1536.png 1187w, https:\/\/lbrochu.dectim.ca\/tp2\/wp-content\/uploads\/2026\/03\/Impression@4x-1583x2048.png 1583w\" \/><span aria-hidden=\"true\" class=\"wp-block-cover__background has-ast-global-color-6-background-color has-background-dim-60 has-background-dim\"><\/span><div class=\"wp-block-cover__inner-container is-layout-flow wp-block-cover-is-layout-flow\">\n<h2 class=\"wp-block-heading has-text-align-center test-title has-ast-global-color-4-color has-text-color has-link-color has-x-large-font-size wp-elements-2304afe8c688d6ee46b57aa9172eaf41\" id=\"test\">Cr\u00e9ation visuelle<\/h2>\n\n\n\n<div class=\"wp-block-group ticss-d0147501 is-layout-constrained wp-block-group-is-layout-constrained\">\n<p class=\".texte ticss-d0147501 has-ast-global-color-4-color has-text-color has-link-color has-large-font-size wp-elements-06d0e49e91d9daa161db67c44d81bc9c\" style=\"padding-right:29px;padding-left:29px\"><em>Notre service de <strong>cr\u00e9ation visuelle <\/strong>va permettre pour vous d&rsquo;avoir <strong>des images <\/strong>et avoir un <em><strong>logo original<\/strong><\/em><\/em>.<\/p>\n\n\n\n<div class=\"wp-block-buttons is-content-justification-center is-layout-flex wp-container-core-buttons-is-layout-2fa3f8ab wp-block-buttons-is-layout-flex\" style=\"padding-right:var(--wp--preset--spacing--40);padding-left:var(--wp--preset--spacing--40)\">\n<div class=\"wp-block-button has-custom-width wp-block-button__width-50\"><a class=\"wp-block-button__link has-ast-global-color-6-color has-ast-global-color-4-background-color has-text-color has-background has-link-color has-medium-font-size has-custom-font-size wp-element-button\" href=\"https:\/\/lbrochu.dectim.ca\/tp2\/design\/\" style=\"padding-top:var(--wp--preset--spacing--20);padding-right:var(--wp--preset--spacing--40);padding-bottom:var(--wp--preset--spacing--20);padding-left:var(--wp--preset--spacing--40)\">En savoir plus<\/a><\/div>\n<\/div>\n<\/div>\n<\/div><\/div>\n<\/div>\n<\/div>\n<\/div>\n\n\n\n<div style=\"height:160px\" aria-hidden=\"true\" class=\"wp-block-spacer\"><\/div>\n\n\n\n<h2 class=\"wp-block-heading has-text-align-center has-large-font-size\" style=\"text-transform:uppercase\">Nos clients t\u00e9moignent.<\/h2>\n\n\n\n<p class=\"has-text-align-center\" style=\"padding-right:20%;padding-left:20%\">D\u00e9couvrez comment <strong>nos services<\/strong> ont aid\u00e9 de <strong>nombreuses entreprises<\/strong> \u00e0 atteindre leurs <strong>buts <\/strong>et <strong>\u00e9valuez <\/strong>leurs <strong>performances<\/strong>.<\/p>\n\n\n\n<div id=\"temoignages\" class=\"wp-block-group is-layout-grid wp-container-core-group-is-layout-632cb22d wp-block-group-is-layout-grid\">\n<div class=\"wp-block-group animated backInLeft delay-200ms has-ast-global-color-6-background-color has-background is-layout-constrained wp-container-core-group-is-layout-5489b10e wp-block-group-is-layout-constrained\" style=\"border-top-left-radius:24px;border-top-right-radius:24px;border-bottom-left-radius:24px;border-bottom-right-radius:24px;padding-top:var(--wp--preset--spacing--50);padding-right:var(--wp--preset--spacing--50);padding-bottom:var(--wp--preset--spacing--50);padding-left:var(--wp--preset--spacing--50)\">\n<div class=\"wp-block-group is-layout-constrained wp-block-group-is-layout-constrained\">\n<div class=\"wp-block-group is-nowrap is-layout-flex wp-container-core-group-is-layout-b6b71352 wp-block-group-is-layout-flex\" style=\"padding-right:0;padding-left:0\">\n<figure class=\"wp-block-image size-full has-custom-border is-style-rounded ticss-971bfd00\" style=\"margin-top:0;margin-bottom:0\"><img loading=\"lazy\" decoding=\"async\" width=\"200\" height=\"200\" src=\"https:\/\/lbrochu.dectim.ca\/tp2\/wp-content\/uploads\/2026\/03\/images.jpg\" alt=\"\" class=\"wp-image-1637\" style=\"border-top-left-radius:100px;border-top-right-radius:100px;border-bottom-left-radius:100px;border-bottom-right-radius:100px\" srcset=\"https:\/\/lbrochu.dectim.ca\/tp2\/wp-content\/uploads\/2026\/03\/images.jpg 200w, https:\/\/lbrochu.dectim.ca\/tp2\/wp-content\/uploads\/2026\/03\/images-150x150.jpg 150w\" sizes=\"auto, (max-width: 200px) 100vw, 200px\" \/><\/figure>\n\n\n\n<h4 class=\"wp-block-heading has-ast-global-color-4-color has-text-color has-link-color wp-elements-e496deb7f3d5300978b87a7f4c146fc0\">Canada Computers<\/h4>\n<\/div>\n<\/div>\n\n\n\n<hr class=\"wp-block-separator has-text-color has-ast-global-color-4-color has-alpha-channel-opacity has-ast-global-color-4-background-color has-background is-style-wide\" style=\"margin-top:var(--wp--preset--spacing--20)\"\/>\n\n\n\n<p class=\"has-ast-global-color-4-color has-text-color has-link-color wp-elements-4da3d8119d81e9475f985590eb26d299\">Leur conception d&rsquo;affiches fonctionne bien avec l&rsquo;esprit de l\u2019entreprise.<br><br><br><\/p>\n<\/div>\n\n\n\n<div class=\"wp-block-group animated backInLeft has-ast-global-color-6-background-color has-background wp-container-content-5e2576f9 is-layout-constrained wp-container-core-group-is-layout-7c7fb8f8 wp-block-group-is-layout-constrained\" style=\"border-top-left-radius:24px;border-top-right-radius:24px;border-bottom-left-radius:24px;border-bottom-right-radius:24px;min-height:100%;padding-top:var(--wp--preset--spacing--50);padding-right:var(--wp--preset--spacing--50);padding-bottom:var(--wp--preset--spacing--50);padding-left:var(--wp--preset--spacing--50)\">\n<div class=\"wp-block-group is-layout-constrained wp-block-group-is-layout-constrained\">\n<div class=\"wp-block-group is-nowrap is-layout-flex wp-container-core-group-is-layout-137b89ec wp-block-group-is-layout-flex\" style=\"padding-right:0px;padding-left:0px\">\n<figure class=\"wp-block-image size-full has-custom-border is-style-default ticss-cf764f14\" style=\"margin-top:0;margin-bottom:0\"><img loading=\"lazy\" decoding=\"async\" width=\"480\" height=\"480\" src=\"https:\/\/lbrochu.dectim.ca\/tp2\/wp-content\/uploads\/2026\/03\/Telus_Web.png\" alt=\"\" class=\"wp-image-1638\" style=\"border-top-left-radius:100px;border-top-right-radius:100px;border-bottom-left-radius:100px;border-bottom-right-radius:100px\" srcset=\"https:\/\/lbrochu.dectim.ca\/tp2\/wp-content\/uploads\/2026\/03\/Telus_Web.png 480w, https:\/\/lbrochu.dectim.ca\/tp2\/wp-content\/uploads\/2026\/03\/Telus_Web-300x300.png 300w, https:\/\/lbrochu.dectim.ca\/tp2\/wp-content\/uploads\/2026\/03\/Telus_Web-150x150.png 150w\" sizes=\"auto, (max-width: 480px) 100vw, 480px\" \/><\/figure>\n\n\n\n<h4 class=\"wp-block-heading has-ast-global-color-4-color has-text-color has-link-color wp-elements-8e78f784defdd1bd4b8ad9411aae6bbb\">Telus<\/h4>\n<\/div>\n<\/div>\n\n\n\n<hr class=\"wp-block-separator has-text-color has-ast-global-color-4-color has-alpha-channel-opacity has-ast-global-color-4-background-color has-background is-style-wide\" style=\"margin-top:var(--wp--preset--spacing--20)\"\/>\n\n\n\n<p class=\"has-ast-global-color-4-color has-text-color has-link-color wp-elements-f63b9e476601849b0821d33ca2364ccf\" style=\"padding-top:0;padding-right:0;padding-bottom:0;padding-left:0\">Leurs illustrations pour notre site web fonctionnent bien avec ce qu&rsquo;on avait en t\u00eate. On sent l&rsquo;uniformit\u00e9 et l&rsquo;effort mis dans le travail et la recherche.<\/p>\n<\/div>\n\n\n\n<div class=\"wp-block-group animated backInLeft delay-200ms has-ast-global-color-6-background-color has-background wp-container-content-5e2576f9 is-layout-flow wp-container-core-group-is-layout-fa4f52f1 wp-block-group-is-layout-flow\" style=\"border-top-left-radius:24px;border-top-right-radius:24px;border-bottom-left-radius:24px;border-bottom-right-radius:24px;min-height:0%;margin-top:0;margin-bottom:0;padding-top:var(--wp--preset--spacing--50);padding-right:var(--wp--preset--spacing--50);padding-bottom:var(--wp--preset--spacing--50);padding-left:var(--wp--preset--spacing--50)\">\n<div class=\"wp-block-group is-content-justification-left is-layout-constrained wp-container-core-group-is-layout-1ad27c61 wp-block-group-is-layout-constrained\" style=\"padding-right:0;padding-left:0\">\n<div class=\"wp-block-group is-nowrap is-layout-flex wp-container-core-group-is-layout-b6b71352 wp-block-group-is-layout-flex\" style=\"padding-right:0;padding-left:0\">\n<figure class=\"wp-block-image size-full has-custom-border is-style-rounded ticss-6e6ce462\" style=\"margin-top:0;margin-bottom:0\"><img loading=\"lazy\" decoding=\"async\" width=\"900\" height=\"900\" src=\"https:\/\/lbrochu.dectim.ca\/tp2\/wp-content\/uploads\/2026\/03\/channels4_profile.jpg\" alt=\"\" class=\"wp-image-1649\" style=\"border-style:none;border-width:0px;border-top-left-radius:100px;border-top-right-radius:100px;border-bottom-left-radius:100px;border-bottom-right-radius:100px\" srcset=\"https:\/\/lbrochu.dectim.ca\/tp2\/wp-content\/uploads\/2026\/03\/channels4_profile.jpg 900w, https:\/\/lbrochu.dectim.ca\/tp2\/wp-content\/uploads\/2026\/03\/channels4_profile-300x300.jpg 300w, https:\/\/lbrochu.dectim.ca\/tp2\/wp-content\/uploads\/2026\/03\/channels4_profile-150x150.jpg 150w, https:\/\/lbrochu.dectim.ca\/tp2\/wp-content\/uploads\/2026\/03\/channels4_profile-768x768.jpg 768w\" sizes=\"auto, (max-width: 900px) 100vw, 900px\" \/><\/figure>\n\n\n\n<h4 class=\"wp-block-heading has-ast-global-color-4-color has-text-color has-link-color wp-elements-1972d2378b4c570b38d0f28c7f334b9e\">Centre Bell<\/h4>\n<\/div>\n<\/div>\n\n\n\n<hr class=\"wp-block-separator has-text-color has-ast-global-color-4-color has-alpha-channel-opacity has-ast-global-color-4-background-color has-background is-style-wide\" style=\"margin-top:var(--wp--preset--spacing--20)\"\/>\n\n\n\n<p class=\"has-ast-global-color-4-color has-text-color has-link-color wp-elements-66c189f78ca705df12742bb90d33b758\" style=\"padding-top:0;padding-bottom:0\">Pour tous les supports diff\u00e9rents pour lesquels on fait affaire avec eux, ils sont parvenus \u00e0 un r\u00e9sultat attendu. <\/p>\n\n\n\n<p class=\"has-ast-global-color-4-color has-text-color has-link-color wp-elements-5156ec9fb6677c2ebe999c701ca5a0aa\" style=\"padding-top:0;padding-bottom:0\"><\/p>\n<\/div>\n\n\n\n<div class=\"wp-block-group animated backInLeft has-ast-global-color-6-background-color has-background wp-container-content-bca6891e is-layout-constrained wp-container-core-group-is-layout-84f430c5 wp-block-group-is-layout-constrained\" style=\"border-top-left-radius:24px;border-top-right-radius:24px;border-bottom-left-radius:24px;border-bottom-right-radius:24px;min-height:0px;padding-top:var(--wp--preset--spacing--50);padding-right:30px;padding-bottom:var(--wp--preset--spacing--50);padding-left:30px\">\n<div class=\"wp-block-group is-content-justification-left is-layout-constrained wp-container-core-group-is-layout-12dd3699 wp-block-group-is-layout-constrained\">\n<div class=\"wp-block-group is-content-justification-left is-nowrap is-layout-flex wp-container-core-group-is-layout-56a17a74 wp-block-group-is-layout-flex\">\n<figure class=\"wp-block-image size-full has-custom-border is-style-rounded ticss-10cf4634\" style=\"margin-top:0;margin-right:0;margin-bottom:0;margin-left:0\"><img loading=\"lazy\" decoding=\"async\" width=\"480\" height=\"480\" src=\"https:\/\/lbrochu.dectim.ca\/tp2\/wp-content\/uploads\/2026\/03\/480x480.webp\" alt=\"\" class=\"wp-image-1650\" style=\"border-top-left-radius:100px;border-top-right-radius:100px;border-bottom-left-radius:100px;border-bottom-right-radius:100px\" srcset=\"https:\/\/lbrochu.dectim.ca\/tp2\/wp-content\/uploads\/2026\/03\/480x480.webp 480w, https:\/\/lbrochu.dectim.ca\/tp2\/wp-content\/uploads\/2026\/03\/480x480-300x300.webp 300w, https:\/\/lbrochu.dectim.ca\/tp2\/wp-content\/uploads\/2026\/03\/480x480-150x150.webp 150w\" sizes=\"auto, (max-width: 480px) 100vw, 480px\" \/><\/figure>\n\n\n\n<h4 class=\"wp-block-heading has-text-align-left has-ast-global-color-4-color has-text-color has-link-color wp-elements-dd9289a1cc8bc1fb7a00596e5a260109\">Vid\u00e9otron<\/h4>\n<\/div>\n<\/div>\n\n\n\n<hr class=\"wp-block-separator has-text-color has-ast-global-color-4-color has-alpha-channel-opacity has-ast-global-color-4-background-color has-background is-style-wide\" style=\"margin-top:var(--wp--preset--spacing--20)\"\/>\n\n\n\n<p class=\"has-ast-global-color-4-color has-text-color has-link-color wp-elements-1292fd6b5bedab919b5162ba8f368bda\">Transmettent bien notre image de marque. Leur \u00e9quipe est bonne et comp\u00e9tente.<br><br><\/p>\n<\/div>\n<\/div>\n\n\n\n<div style=\"height:50px\" aria-hidden=\"true\" class=\"wp-block-spacer\"><\/div>\n","protected":false},"excerpt":{"rendered":"<p>Nos principaux services Gr\u00e2ce \u00e0 notre expertise en Design et en cr\u00e9ation visuelle, nous vous supportons mieux que vous ne [&hellip;]<\/p>\n","protected":false},"author":4,"featured_media":0,"parent":0,"menu_order":0,"comment_status":"closed","ping_status":"closed","template":"","meta":{"site-sidebar-layout":"default","site-content-layout":"","ast-site-content-layout":"default","site-content-style":"default","site-sidebar-style":"default","ast-global-header-display":"","ast-banner-title-visibility":"","ast-main-header-display":"","ast-hfb-above-header-display":"","ast-hfb-below-header-display":"","ast-hfb-mobile-header-display":"","site-post-title":"disabled","ast-breadcrumbs-content":"","ast-featured-img":"","footer-sml-layout":"","ast-disable-related-posts":"","theme-transparent-header-meta":"","adv-header-id-meta":"","stick-header-meta":"","header-above-stick-meta":"","header-main-stick-meta":"","header-below-stick-meta":"","astra-migrate-meta-layouts":"default","ast-page-background-enabled":"default","ast-page-background-meta":{"desktop":{"background-color":"var(--ast-global-color-5)","background-image":"","background-repeat":"repeat","background-position":"center center","background-size":"auto","background-attachment":"scroll","background-type":"","background-media":"","overlay-type":"","overlay-color":"","overlay-opacity":"","overlay-gradient":""},"tablet":{"background-color":"","background-image":"","background-repeat":"repeat","background-position":"center center","background-size":"auto","background-attachment":"scroll","background-type":"","background-media":"","overlay-type":"","overlay-color":"","overlay-opacity":"","overlay-gradient":""},"mobile":{"background-color":"","background-image":"","background-repeat":"repeat","background-position":"center center","background-size":"auto","background-attachment":"scroll","background-type":"","background-media":"","overlay-type":"","overlay-color":"","overlay-opacity":"","overlay-gradient":""}},"ast-content-background-meta":{"desktop":{"background-color":"var(--ast-global-color-4)","background-image":"","background-repeat":"repeat","background-position":"center center","background-size":"auto","background-attachment":"scroll","background-type":"","background-media":"","overlay-type":"","overlay-color":"","overlay-opacity":"","overlay-gradient":""},"tablet":{"background-color":"var(--ast-global-color-4)","background-image":"","background-repeat":"repeat","background-position":"center center","background-size":"auto","background-attachment":"scroll","background-type":"","background-media":"","overlay-type":"","overlay-color":"","overlay-opacity":"","overlay-gradient":""},"mobile":{"background-color":"var(--ast-global-color-4)","background-image":"","background-repeat":"repeat","background-position":"center center","background-size":"auto","background-attachment":"scroll","background-type":"","background-media":"","overlay-type":"","overlay-color":"","overlay-opacity":"","overlay-gradient":""}},"_themeisle_gutenberg_block_has_review":false,"footnotes":""},"class_list":["post-1515","page","type-page","status-publish","hentry"],"_links":{"self":[{"href":"https:\/\/lbrochu.dectim.ca\/tp2\/wp-json\/wp\/v2\/pages\/1515","targetHints":{"allow":["GET"]}}],"collection":[{"href":"https:\/\/lbrochu.dectim.ca\/tp2\/wp-json\/wp\/v2\/pages"}],"about":[{"href":"https:\/\/lbrochu.dectim.ca\/tp2\/wp-json\/wp\/v2\/types\/page"}],"author":[{"embeddable":true,"href":"https:\/\/lbrochu.dectim.ca\/tp2\/wp-json\/wp\/v2\/users\/4"}],"replies":[{"embeddable":true,"href":"https:\/\/lbrochu.dectim.ca\/tp2\/wp-json\/wp\/v2\/comments?post=1515"}],"version-history":[{"count":56,"href":"https:\/\/lbrochu.dectim.ca\/tp2\/wp-json\/wp\/v2\/pages\/1515\/revisions"}],"predecessor-version":[{"id":2731,"href":"https:\/\/lbrochu.dectim.ca\/tp2\/wp-json\/wp\/v2\/pages\/1515\/revisions\/2731"}],"wp:attachment":[{"href":"https:\/\/lbrochu.dectim.ca\/tp2\/wp-json\/wp\/v2\/media?parent=1515"}],"curies":[{"name":"wp","href":"https:\/\/api.w.org\/{rel}","templated":true}]}}