{"id":18,"date":"2026-02-01T19:09:06","date_gmt":"2026-02-02T00:09:06","guid":{"rendered":"https:\/\/lbrochu.dectim.ca\/tp2\/?page_id=18"},"modified":"2026-05-13T20:35:05","modified_gmt":"2026-05-14T00:35:05","slug":"portfolio","status":"publish","type":"page","link":"https:\/\/lbrochu.dectim.ca\/tp2\/portfolio\/","title":{"rendered":"Portfolio"},"content":{"rendered":"\n<div style=\"height:110px\" aria-hidden=\"true\" class=\"wp-block-spacer\"><\/div>\n\n\n\n<section id=\"wp-block-themeisle-blocks-advanced-columns-fe6d9910\" class=\"wp-block-themeisle-blocks-advanced-columns alignfull has-2-columns has-desktop-twoOne-layout has-tablet-collapsedRows-layout has-mobile-collapsedRows-layout has-reverse-columns-tablet has-reverse-columns-mobile has-vertical-center\"><div class=\"wp-block-themeisle-blocks-advanced-columns-overlay\"><\/div><div class=\"innerblocks-wrap\">\n<div id=\"wp-block-themeisle-blocks-advanced-column-7371d693\" class=\"wp-block-themeisle-blocks-advanced-column animated backInLeft\">\n<div class=\"wp-block-eds-animate-it-block eds-animate-block-save\"><div class=\"eds-animate animated edsanimate-sis-hidden  \" data-eds-entry-animation=\"slideInUp\" data-eds-entry-delay=\"0\" data-eds-entry-duration=\"1\" data-eds-entry-timing=\"cubic-bezier(0.19, 1, 0.22, 1)\" data-eds-exit-animation=\"\" data-eds-exit-delay=\"0\" data-eds-exit-duration=\"0.5\" data-eds-exit-timing=\"linear\" data-eds-repeat-count=\"1\" data-eds-keep=\"yes\" data-eds-animate-on=\"load\" data-eds-scroll-offset=\"\">\n<h2 id=\"wp-block-themeisle-blocks-advanced-heading-36367eca\" class=\"wp-block-themeisle-blocks-advanced-heading wp-block-themeisle-blocks-advanced-heading-36367eca\">Nos Portfolios<\/h2>\n\n\n\n<p class=\"has-text-align-left has-ast-global-color-4-color has-text-color has-link-color wp-elements-76e5100fe80bc52d5faea0b191ca0052\"><br>Malgr\u00e9 notre sp\u00e9cialisation, notre \u00e9quipe a plein d&rsquo;autres tallent qui ce sont manifester dans leurs projets. Voici les projets les plus importants des membres de notre \u00e9quipe.<\/p>\n\n\n\n<div style=\"height:40px\" aria-hidden=\"true\" class=\"wp-block-spacer\"><\/div>\n<\/div><\/div>\n<\/div>\n\n\n\n<div id=\"wp-block-themeisle-blocks-advanced-column-afd1dc2b\" class=\"wp-block-themeisle-blocks-advanced-column\"><\/div>\n<\/div><\/section>\n\n\n\n<div id=\"wp-block-themeisle-blocks-advanced-columns-741315e9\" class=\"wp-block-themeisle-blocks-advanced-columns alignfull has-2-columns has-desktop-equal-layout has-tablet-equal-layout has-mobile-collapsedRows-layout has-reverse-columns-mobile has-vertical-center ticss-c00aadba has-dark-bg\"><div class=\"wp-block-themeisle-blocks-advanced-columns-overlay\"><\/div><div class=\"innerblocks-wrap\">\n<div id=\"wp-block-themeisle-blocks-advanced-column-1d4fcbb8\" class=\"wp-block-themeisle-blocks-advanced-column\">\n<div class=\"wp-block-group animated backInRight wp-container-content-958eb9dc is-vertical is-content-justification-left is-layout-flex wp-container-core-group-is-layout-839fd537 wp-block-group-is-layout-flex\" style=\"padding-top:var(--wp--preset--spacing--70);padding-right:var(--wp--preset--spacing--40);padding-bottom:var(--wp--preset--spacing--70);padding-left:var(--wp--preset--spacing--40)\">\n<div class=\"wp-block-group is-nowrap is-layout-flex wp-container-core-group-is-layout-f0acb57f wp-block-group-is-layout-flex\" style=\"padding-right:0;padding-left:0\">\n<h2 class=\"wp-block-heading has-text-align-left has-ast-global-color-4-color has-text-color has-link-color wp-elements-2cd113567e9419c86d8e35b782e89def\">Emballage Cadeau<\/h2>\n<\/div>\n\n\n\n<h3 class=\"wp-block-heading has-ast-global-color-4-color has-text-color has-link-color wp-elements-fc6aca0cf836cc5e47c166afce8de29e\">Animation 3D<\/h3>\n\n\n\n<p>Fait par Louis-Charles<\/p>\n\n\n\n<div class=\"wp-block-qi-blocks-button qodef-block-container qodef-block-7200ecd1\"><a class=\"qi-block-button qodef-block qodef-m qodef-layout--filled qodef-type--standard qodef-size--small qodef-hover--icon-move-horizontal-short\" href=\"https:\/\/lbrochu.dectim.ca\/tp2\/louis-charle\/\"><span class=\"qodef-m-text\">En savoir plus<\/span><\/a><\/div>\n<\/div>\n<\/div>\n\n\n\n<div id=\"wp-block-themeisle-blocks-advanced-column-9377d753\" class=\"wp-block-themeisle-blocks-advanced-column\">\n<figure class=\"wp-block-image size-large is-resized has-custom-border is-style-default\" style=\"margin-top:0;margin-right:0;margin-bottom:0;margin-left:0\"><img loading=\"lazy\" decoding=\"async\" width=\"1024\" height=\"575\" src=\"https:\/\/lbrochu.dectim.ca\/tp2\/wp-content\/uploads\/2026\/02\/Cadeau-MiniatureShrink-1024x575.png\" alt=\"\" class=\"wp-image-476\" style=\"border-top-left-radius:0px;border-top-right-radius:0px;border-bottom-left-radius:0px;border-bottom-right-radius:0px;object-fit:cover;width:10000px;height:600px\" srcset=\"https:\/\/lbrochu.dectim.ca\/tp2\/wp-content\/uploads\/2026\/02\/Cadeau-MiniatureShrink-1024x575.png 1024w, https:\/\/lbrochu.dectim.ca\/tp2\/wp-content\/uploads\/2026\/02\/Cadeau-MiniatureShrink-300x168.png 300w, https:\/\/lbrochu.dectim.ca\/tp2\/wp-content\/uploads\/2026\/02\/Cadeau-MiniatureShrink-768x431.png 768w, https:\/\/lbrochu.dectim.ca\/tp2\/wp-content\/uploads\/2026\/02\/Cadeau-MiniatureShrink.png 1156w\" sizes=\"auto, (max-width: 1024px) 100vw, 1024px\" \/><\/figure>\n<\/div>\n<\/div><\/div>\n\n\n\n<div id=\"wp-block-themeisle-blocks-advanced-columns-f973578e\" class=\"wp-block-themeisle-blocks-advanced-columns alignfull has-2-columns has-desktop-equal-layout has-tablet-equal-layout has-mobile-collapsedRows-layout has-reverse-columns-mobile has-vertical-center ticss-c00aadba has-light-bg\"><div class=\"wp-block-themeisle-blocks-advanced-columns-overlay\"><\/div><div class=\"innerblocks-wrap\">\n<div id=\"wp-block-themeisle-blocks-advanced-column-e484d73c\" class=\"wp-block-themeisle-blocks-advanced-column\">\n<figure class=\"wp-block-image size-full is-resized has-custom-border is-style-default\" style=\"margin-top:0;margin-bottom:0\"><img loading=\"lazy\" decoding=\"async\" width=\"1892\" height=\"950\" src=\"https:\/\/lbrochu.dectim.ca\/tp2\/wp-content\/uploads\/2026\/03\/image2.png\" alt=\"\" class=\"wp-image-716\" style=\"border-top-left-radius:0px;border-top-right-radius:0px;border-bottom-left-radius:0px;border-bottom-right-radius:0px;object-fit:cover;width:1000px;height:600px\" srcset=\"https:\/\/lbrochu.dectim.ca\/tp2\/wp-content\/uploads\/2026\/03\/image2.png 1892w, https:\/\/lbrochu.dectim.ca\/tp2\/wp-content\/uploads\/2026\/03\/image2-300x151.png 300w, https:\/\/lbrochu.dectim.ca\/tp2\/wp-content\/uploads\/2026\/03\/image2-1024x514.png 1024w, https:\/\/lbrochu.dectim.ca\/tp2\/wp-content\/uploads\/2026\/03\/image2-768x386.png 768w, https:\/\/lbrochu.dectim.ca\/tp2\/wp-content\/uploads\/2026\/03\/image2-1536x771.png 1536w\" sizes=\"auto, (max-width: 1892px) 100vw, 1892px\" \/><\/figure>\n<\/div>\n\n\n\n<div id=\"wp-block-themeisle-blocks-advanced-column-282f4637\" class=\"wp-block-themeisle-blocks-advanced-column\">\n<div class=\"wp-block-group animated backInLeft wp-container-content-958eb9dc is-vertical is-layout-flex wp-container-core-group-is-layout-4b481115 wp-block-group-is-layout-flex\" style=\"min-height:0px;margin-top:0;margin-bottom:0;padding-right:0;padding-left:0\">\n<div class=\"wp-block-group is-nowrap is-layout-flex wp-container-core-group-is-layout-f0acb57f wp-block-group-is-layout-flex\" style=\"padding-right:0;padding-left:0\">\n<h2 class=\"wp-block-heading wp-container-content-9cfa9a5a\">Mines Et Bombes<\/h2>\n<\/div>\n\n\n\n<h3 class=\"wp-block-heading\">Jeu JavaScript<\/h3>\n\n\n\n<p>Fait par Zack <\/p>\n\n\n\n<div class=\"wp-block-buttons is-layout-flex wp-block-buttons-is-layout-flex\">\n<div class=\"wp-block-button\"><a class=\"wp-block-button__link wp-element-button\" href=\"https:\/\/lbrochu.dectim.ca\/tp2\/zack\/\">En savoir plus<\/a><\/div>\n<\/div>\n<\/div>\n<\/div>\n<\/div><\/div>\n\n\n\n<div id=\"wp-block-themeisle-blocks-advanced-columns-b2277bfc\" class=\"wp-block-themeisle-blocks-advanced-columns alignfull has-2-columns has-desktop-equal-layout has-tablet-equal-layout has-mobile-collapsedRows-layout has-reverse-columns-mobile has-vertical-center ticss-c00aadba has-dark-bg\"><div class=\"wp-block-themeisle-blocks-advanced-columns-overlay\"><\/div><div class=\"innerblocks-wrap\">\n<div id=\"wp-block-themeisle-blocks-advanced-column-280c856f\" class=\"wp-block-themeisle-blocks-advanced-column\">\n<div class=\"wp-block-group animated backInRight wp-container-content-958eb9dc is-vertical is-content-justification-left is-layout-flex wp-container-core-group-is-layout-6a98aace wp-block-group-is-layout-flex\" style=\"min-height:0px;padding-top:var(--wp--preset--spacing--70);padding-right:0;padding-bottom:var(--wp--preset--spacing--70);padding-left:0\">\n<div class=\"wp-block-group wp-container-content-9cfa9a5a is-nowrap is-layout-flex wp-container-core-group-is-layout-f0acb57f wp-block-group-is-layout-flex\" style=\"padding-right:0;padding-left:0\">\n<h2 class=\"wp-block-heading has-text-align-left has-white-color has-text-color has-link-color wp-elements-e74928089a0422a1bc76eaf704f7a0dd wp-container-content-9cfa9a5a\">Myst\u00e8re souterrain<\/h2>\n<\/div>\n\n\n\n<h3 class=\"wp-block-heading has-ast-global-color-4-color has-text-color has-link-color wp-elements-8071cbd015eea12eb755d6f5b241aea8\">Jeu vid\u00e9o<\/h3>\n\n\n\n<p>Fait par Thomas<\/p>\n\n\n\n<div class=\"wp-block-qi-blocks-button qodef-block-container qodef-block-757d5875\"><a class=\"qi-block-button qodef-block qodef-m qodef-layout--filled qodef-type--standard qodef-size--small qodef-hover--icon-move-horizontal-short\" href=\"https:\/\/lbrochu.dectim.ca\/tp2\/thomas\/\"><span class=\"qodef-m-text\">En savoir plus<\/span><\/a><\/div>\n<\/div>\n<\/div>\n\n\n\n<div id=\"wp-block-themeisle-blocks-advanced-column-d8f10102\" class=\"wp-block-themeisle-blocks-advanced-column\">\n<figure class=\"wp-block-image size-full is-resized has-custom-border is-style-default\" style=\"margin-top:0;margin-bottom:0\"><img loading=\"lazy\" decoding=\"async\" width=\"1024\" height=\"419\" src=\"https:\/\/lbrochu.dectim.ca\/tp2\/wp-content\/uploads\/2026\/03\/Capture-decran-2026-02-24-133709-1-1024x419-2.png\" alt=\"\" class=\"wp-image-560\" style=\"border-top-left-radius:0px;border-top-right-radius:0px;border-bottom-left-radius:0px;border-bottom-right-radius:0px;aspect-ratio:16\/9;object-fit:cover;width:auto;height:600px\" srcset=\"https:\/\/lbrochu.dectim.ca\/tp2\/wp-content\/uploads\/2026\/03\/Capture-decran-2026-02-24-133709-1-1024x419-2.png 1024w, https:\/\/lbrochu.dectim.ca\/tp2\/wp-content\/uploads\/2026\/03\/Capture-decran-2026-02-24-133709-1-1024x419-2-300x123.png 300w, https:\/\/lbrochu.dectim.ca\/tp2\/wp-content\/uploads\/2026\/03\/Capture-decran-2026-02-24-133709-1-1024x419-2-768x314.png 768w\" sizes=\"auto, (max-width: 1024px) 100vw, 1024px\" \/><\/figure>\n<\/div>\n<\/div><\/div>\n\n\n\n<p><\/p>\n","protected":false},"excerpt":{"rendered":"","protected":false},"author":1,"featured_media":0,"parent":0,"menu_order":0,"comment_status":"closed","ping_status":"closed","template":"","meta":{"site-sidebar-layout":"default","site-content-layout":"","ast-site-content-layout":"default","site-content-style":"default","site-sidebar-style":"default","ast-global-header-display":"","ast-banner-title-visibility":"","ast-main-header-display":"","ast-hfb-above-header-display":"","ast-hfb-below-header-display":"","ast-hfb-mobile-header-display":"","site-post-title":"disabled","ast-breadcrumbs-content":"","ast-featured-img":"","footer-sml-layout":"","ast-disable-related-posts":"","theme-transparent-header-meta":"","adv-header-id-meta":"","stick-header-meta":"","header-above-stick-meta":"","header-main-stick-meta":"","header-below-stick-meta":"","astra-migrate-meta-layouts":"default","ast-page-background-enabled":"default","ast-page-background-meta":{"desktop":{"background-color":"var(--ast-global-color-5)","background-image":"","background-repeat":"repeat","background-position":"center center","background-size":"auto","background-attachment":"scroll","background-type":"","background-media":"","overlay-type":"","overlay-color":"","overlay-opacity":"","overlay-gradient":""},"tablet":{"background-color":"","background-image":"","background-repeat":"repeat","background-position":"center center","background-size":"auto","background-attachment":"scroll","background-type":"","background-media":"","overlay-type":"","overlay-color":"","overlay-opacity":"","overlay-gradient":""},"mobile":{"background-color":"","background-image":"","background-repeat":"repeat","background-position":"center center","background-size":"auto","background-attachment":"scroll","background-type":"","background-media":"","overlay-type":"","overlay-color":"","overlay-opacity":"","overlay-gradient":""}},"ast-content-background-meta":{"desktop":{"background-color":"var(--ast-global-color-4)","background-image":"","background-repeat":"repeat","background-position":"center center","background-size":"auto","background-attachment":"scroll","background-type":"","background-media":"","overlay-type":"","overlay-color":"","overlay-opacity":"","overlay-gradient":""},"tablet":{"background-color":"var(--ast-global-color-4)","background-image":"","background-repeat":"repeat","background-position":"center center","background-size":"auto","background-attachment":"scroll","background-type":"","background-media":"","overlay-type":"","overlay-color":"","overlay-opacity":"","overlay-gradient":""},"mobile":{"background-color":"var(--ast-global-color-4)","background-image":"","background-repeat":"repeat","background-position":"center center","background-size":"auto","background-attachment":"scroll","background-type":"","background-media":"","overlay-type":"","overlay-color":"","overlay-opacity":"","overlay-gradient":""}},"_themeisle_gutenberg_block_has_review":false,"footnotes":""},"class_list":["post-18","page","type-page","status-publish","hentry"],"_links":{"self":[{"href":"https:\/\/lbrochu.dectim.ca\/tp2\/wp-json\/wp\/v2\/pages\/18","targetHints":{"allow":["GET"]}}],"collection":[{"href":"https:\/\/lbrochu.dectim.ca\/tp2\/wp-json\/wp\/v2\/pages"}],"about":[{"href":"https:\/\/lbrochu.dectim.ca\/tp2\/wp-json\/wp\/v2\/types\/page"}],"author":[{"embeddable":true,"href":"https:\/\/lbrochu.dectim.ca\/tp2\/wp-json\/wp\/v2\/users\/1"}],"replies":[{"embeddable":true,"href":"https:\/\/lbrochu.dectim.ca\/tp2\/wp-json\/wp\/v2\/comments?post=18"}],"version-history":[{"count":149,"href":"https:\/\/lbrochu.dectim.ca\/tp2\/wp-json\/wp\/v2\/pages\/18\/revisions"}],"predecessor-version":[{"id":2734,"href":"https:\/\/lbrochu.dectim.ca\/tp2\/wp-json\/wp\/v2\/pages\/18\/revisions\/2734"}],"wp:attachment":[{"href":"https:\/\/lbrochu.dectim.ca\/tp2\/wp-json\/wp\/v2\/media?parent=18"}],"curies":[{"name":"wp","href":"https:\/\/api.w.org\/{rel}","templated":true}]}}