{"id":88,"date":"2026-02-09T11:40:21","date_gmt":"2026-02-09T16:40:21","guid":{"rendered":"https:\/\/lbrochu.dectim.ca\/tp2\/?page_id=88"},"modified":"2026-05-09T12:32:08","modified_gmt":"2026-05-09T16:32:08","slug":"metier-2","status":"publish","type":"page","link":"https:\/\/lbrochu.dectim.ca\/tp2\/metier-2\/","title":{"rendered":"Designer Graphique"},"content":{"rendered":"\n<div style=\"height:110px\" aria-hidden=\"true\" class=\"wp-block-spacer\"><\/div>\n\n\n\n<div class=\"wp-block-group is-layout-constrained wp-block-group-is-layout-constrained\" style=\"padding-top:0;padding-bottom:0\">\n<div id=\"wp-block-themeisle-blocks-advanced-columns-a4cc68a2\" class=\"wp-block-themeisle-blocks-advanced-columns alignfull has-2-columns has-desktop-equal-layout has-tablet-equal-layout has-mobile-collapsedRows-layout has-reverse-columns-mobile has-vertical-center ticss-c00aadba\"><div class=\"wp-block-themeisle-blocks-advanced-columns-overlay\"><\/div><div class=\"innerblocks-wrap\">\n<div id=\"wp-block-themeisle-blocks-advanced-column-4d7f6b9a\" class=\"wp-block-themeisle-blocks-advanced-column\">\n<figure class=\"wp-block-image size-full has-custom-border ticss-5bdd1269\" style=\"margin-right:0;margin-left:0\"><img loading=\"lazy\" decoding=\"async\" width=\"763\" height=\"839\" src=\"https:\/\/lbrochu.dectim.ca\/tp2\/wp-content\/uploads\/2026\/03\/20260302_110744.png\" alt=\"\" class=\"wp-image-2076\" style=\"border-top-left-radius:24px;border-top-right-radius:24px;border-bottom-left-radius:24px;border-bottom-right-radius:24px;aspect-ratio:0.75;object-fit:cover\" srcset=\"https:\/\/lbrochu.dectim.ca\/tp2\/wp-content\/uploads\/2026\/03\/20260302_110744.png 763w, https:\/\/lbrochu.dectim.ca\/tp2\/wp-content\/uploads\/2026\/03\/20260302_110744-273x300.png 273w\" sizes=\"auto, (max-width: 763px) 100vw, 763px\" \/><\/figure>\n<\/div>\n\n\n\n<div id=\"wp-block-themeisle-blocks-advanced-column-85ef1329\" class=\"wp-block-themeisle-blocks-advanced-column\">\n<div class=\"wp-block-group animated bounceInDown is-vertical is-layout-flex wp-container-core-group-is-layout-fe9cc265 wp-block-group-is-layout-flex\">\n<h2 class=\"wp-block-heading\">Louis-Charles Brochu<\/h2>\n\n\n\n<p>Salut, j\u2019aime faire preuve de cr\u00e9ativit\u00e9 et proposer des concepts originaux dans mes projets. Je m\u2019efforce, autant que possible, de remettre des travaux dont je suis fier, tant par leur originalit\u00e9 que par leur qualit\u00e9 de finition.<\/p>\n\n\n\n<div style=\"height:0px\" aria-hidden=\"true\" class=\"wp-block-spacer wp-container-content-ebfaf734\"><\/div>\n\n\n\n<h2 class=\"wp-block-heading\">Designer graphique<\/h2>\n\n\n\n<p>Le designer graphique est celui qui con\u00e7oit les interfaces. Il s&rsquo;assure que tout est bien harmonis\u00e9 et que sa cela convient au attentes du client.<\/p>\n<\/div>\n<\/div>\n<\/div><\/div>\n<\/div>\n\n\n\n<div id=\"wp-block-themeisle-blocks-advanced-columns-78bcf079\" class=\"wp-block-themeisle-blocks-advanced-columns alignfull has-2-columns has-desktop-equal-layout has-tablet-equal-layout has-mobile-collapsedRows-layout has-reverse-columns-mobile has-vertical-center ticss-c00aadba has-dark-bg\"><div class=\"wp-block-themeisle-blocks-advanced-columns-overlay\"><\/div><div class=\"innerblocks-wrap\">\n<div id=\"wp-block-themeisle-blocks-advanced-column-97bd3c49\" class=\"wp-block-themeisle-blocks-advanced-column\">\n<div class=\"wp-block-group animated fadeInLeft is-vertical is-layout-flex wp-container-core-group-is-layout-41fdfdc5 wp-block-group-is-layout-flex\">\n<h2 class=\"wp-block-heading has-ast-global-color-4-color has-text-color has-link-color wp-elements-464792f808aa62660d9d67092ef8c850\">Logiciels \u00c0 maitriser<\/h2>\n\n\n\n<div class=\"wp-block-group ticss-507ad39e is-layout-grid wp-container-core-group-is-layout-b5935982 wp-block-group-is-layout-grid\" style=\"padding-top:0;padding-right:0;padding-bottom:0;padding-left:0\">\n<figure class=\"wp-block-image size-full wp-container-content-2155ee95\" style=\"margin-right:0;margin-left:0\"><img loading=\"lazy\" decoding=\"async\" width=\"1000\" height=\"1000\" src=\"https:\/\/lbrochu.dectim.ca\/tp2\/wp-content\/uploads\/2026\/03\/Figma-logo-bb51bf.png\" alt=\"\" class=\"wp-image-1352\" style=\"object-fit:cover\" srcset=\"https:\/\/lbrochu.dectim.ca\/tp2\/wp-content\/uploads\/2026\/03\/Figma-logo-bb51bf.png 1000w, https:\/\/lbrochu.dectim.ca\/tp2\/wp-content\/uploads\/2026\/03\/Figma-logo-bb51bf-300x300.png 300w, https:\/\/lbrochu.dectim.ca\/tp2\/wp-content\/uploads\/2026\/03\/Figma-logo-bb51bf-150x150.png 150w, https:\/\/lbrochu.dectim.ca\/tp2\/wp-content\/uploads\/2026\/03\/Figma-logo-bb51bf-768x768.png 768w\" sizes=\"auto, (max-width: 1000px) 100vw, 1000px\" \/><\/figure>\n\n\n\n<figure class=\"wp-block-image size-full wp-container-content-2155ee95\" style=\"margin-right:0;margin-left:0\"><img loading=\"lazy\" decoding=\"async\" width=\"1280\" height=\"1280\" src=\"https:\/\/lbrochu.dectim.ca\/tp2\/wp-content\/uploads\/2026\/03\/Adobe_Photoshop_CC_2026_icon.svg.png\" alt=\"\" class=\"wp-image-1571\" style=\"object-fit:cover\" srcset=\"https:\/\/lbrochu.dectim.ca\/tp2\/wp-content\/uploads\/2026\/03\/Adobe_Photoshop_CC_2026_icon.svg.png 1280w, https:\/\/lbrochu.dectim.ca\/tp2\/wp-content\/uploads\/2026\/03\/Adobe_Photoshop_CC_2026_icon.svg-300x300.png 300w, https:\/\/lbrochu.dectim.ca\/tp2\/wp-content\/uploads\/2026\/03\/Adobe_Photoshop_CC_2026_icon.svg-1024x1024.png 1024w, https:\/\/lbrochu.dectim.ca\/tp2\/wp-content\/uploads\/2026\/03\/Adobe_Photoshop_CC_2026_icon.svg-150x150.png 150w, https:\/\/lbrochu.dectim.ca\/tp2\/wp-content\/uploads\/2026\/03\/Adobe_Photoshop_CC_2026_icon.svg-768x768.png 768w\" sizes=\"auto, (max-width: 1280px) 100vw, 1280px\" \/><\/figure>\n\n\n\n<figure class=\"wp-block-image size-full wp-container-content-2155ee95\" style=\"margin-right:0;margin-left:0\"><img loading=\"lazy\" decoding=\"async\" width=\"389\" height=\"379\" src=\"https:\/\/lbrochu.dectim.ca\/tp2\/wp-content\/uploads\/2026\/03\/illustrator-e1774015991942.webp\" alt=\"\" class=\"wp-image-1572\" style=\"object-fit:cover\" srcset=\"https:\/\/lbrochu.dectim.ca\/tp2\/wp-content\/uploads\/2026\/03\/illustrator-e1774015991942.webp 389w, https:\/\/lbrochu.dectim.ca\/tp2\/wp-content\/uploads\/2026\/03\/illustrator-e1774015991942-300x292.webp 300w\" sizes=\"auto, (max-width: 389px) 100vw, 389px\" \/><\/figure>\n<\/div>\n<\/div>\n<\/div>\n\n\n\n<div id=\"wp-block-themeisle-blocks-advanced-column-6ef0a6c6\" class=\"wp-block-themeisle-blocks-advanced-column\">\n<div class=\"wp-block-group animated fadeInRight is-vertical is-layout-flex wp-container-core-group-is-layout-41fdfdc5 wp-block-group-is-layout-flex\">\n<h2 class=\"wp-block-heading has-ast-global-color-4-color has-text-color has-link-color wp-elements-a6fe4fb849b6233aaecd9008edaa250c\">Statistiques<\/h2>\n\n\n\n<div class=\"wp-block-group ticss-86c0ad66 is-content-justification-space-between is-nowrap is-layout-flex wp-container-core-group-is-layout-0b70ad5d wp-block-group-is-layout-flex\">\n<div class=\"wp-block-group ticss-004e9810 is-vertical is-layout-flex wp-container-core-group-is-layout-a4f8cc12 wp-block-group-is-layout-flex\" style=\"padding-right:0;padding-left:0\">\n<p><strong>Taux de placement<\/strong><\/p>\n\n\n\n<div id=\"wp-block-themeisle-blocks-progress-bar-70de5406\" class=\"wp-block-themeisle-blocks-progress-bar ticss-0c18ba93\" data-percent=\"20\" data-duration=\"1\"><div class=\"wp-block-themeisle-blocks-progress-bar__area\"><div class=\"wp-block-themeisle-blocks-progress-bar__area__title highlight\"><span><\/span><\/div><div class=\"wp-block-themeisle-blocks-progress-bar__area__bar\"><div class=\"wp-block-themeisle-blocks-progress-bar__progress__append wp-block-themeisle-blocks-progress-bar__number\">20<\/div><\/div><\/div><\/div>\n<\/div>\n\n\n\n<div class=\"wp-block-group is-vertical is-layout-flex wp-container-core-group-is-layout-fe9cc265 wp-block-group-is-layout-flex\">\n<p><strong>Salaire moyen<\/strong><\/p>\n\n\n\n<p>30,00$\/h<\/p>\n<\/div>\n<\/div>\n<\/div>\n<\/div>\n<\/div><\/div>\n\n\n\n<div id=\"wp-block-themeisle-blocks-advanced-columns-7c0f3a00\" class=\"wp-block-themeisle-blocks-advanced-columns alignfull has-2-columns has-desktop-equal-layout has-tablet-equal-layout has-mobile-collapsedRows-layout has-reverse-columns-mobile has-vertical-center ticss-c00aadba\"><div class=\"wp-block-themeisle-blocks-advanced-columns-overlay\"><\/div><div class=\"innerblocks-wrap\">\n<div id=\"wp-block-themeisle-blocks-advanced-column-8bf22861\" class=\"wp-block-themeisle-blocks-advanced-column\">\n<div class=\"wp-block-group ticss-55af6408 animated backInRight is-layout-constrained wp-container-core-group-is-layout-639b5052 wp-block-group-is-layout-constrained\" style=\"padding-top:0;padding-right:0;padding-bottom:0;padding-left:0\">\n<h2 class=\"wp-block-heading has-ast-global-color-6-color has-text-color has-link-color wp-elements-c24e49cb0c98e71d3478ecac490fc9dc\">T\u00e2che principales<\/h2>\n\n\n\n<ul class=\"wp-block-list\">\n<li>Consulter le client<\/li>\n\n\n\n<li>Cr\u00e9er des maquettes<\/li>\n\n\n\n<li>Concevoir des \u00e9l\u00e9ments graphiques<\/li>\n\n\n\n<li>Choisir la direction artistique<\/li>\n<\/ul>\n<\/div>\n<\/div>\n\n\n\n<div id=\"wp-block-themeisle-blocks-advanced-column-bc2f3e67\" class=\"wp-block-themeisle-blocks-advanced-column\">\n<figure class=\"wp-block-image size-full ticss-3e1b0c98 wp-container-content-432d1f4f\" style=\"margin-top:0;margin-right:0;margin-bottom:0;margin-left:0\"><img loading=\"lazy\" decoding=\"async\" width=\"1000\" height=\"544\" src=\"https:\/\/lbrochu.dectim.ca\/tp2\/wp-content\/uploads\/2026\/04\/Gemini_Generated_Image_dy74xidy74xidy74.png\" alt=\"\" class=\"wp-image-2338\" style=\"object-fit:cover\" srcset=\"https:\/\/lbrochu.dectim.ca\/tp2\/wp-content\/uploads\/2026\/04\/Gemini_Generated_Image_dy74xidy74xidy74.png 1000w, https:\/\/lbrochu.dectim.ca\/tp2\/wp-content\/uploads\/2026\/04\/Gemini_Generated_Image_dy74xidy74xidy74-300x163.png 300w, https:\/\/lbrochu.dectim.ca\/tp2\/wp-content\/uploads\/2026\/04\/Gemini_Generated_Image_dy74xidy74xidy74-768x418.png 768w\" sizes=\"auto, (max-width: 1000px) 100vw, 1000px\" \/><\/figure>\n<\/div>\n<\/div><\/div>\n\n\n\n<div id=\"wp-block-themeisle-blocks-advanced-columns-93c85aa4\" class=\"wp-block-themeisle-blocks-advanced-columns alignfull has-2-columns has-desktop-equal-layout has-tablet-equal-layout has-mobile-collapsedRows-layout has-reverse-columns-mobile has-vertical-center ticss-c00aadba has-dark-bg\"><div class=\"wp-block-themeisle-blocks-advanced-columns-overlay\"><\/div><div class=\"innerblocks-wrap\">\n<div id=\"wp-block-themeisle-blocks-advanced-column-395d038b\" class=\"wp-block-themeisle-blocks-advanced-column\">\n<figure class=\"wp-block-image size-full is-resized wp-container-content-432d1f4f\" style=\"margin-right:0;margin-left:0\"><img loading=\"lazy\" decoding=\"async\" width=\"2000\" height=\"1500\" src=\"https:\/\/lbrochu.dectim.ca\/tp2\/wp-content\/uploads\/2026\/03\/20260330_122112.jpg\" alt=\"\" class=\"wp-image-2221\" style=\"object-fit:cover;width:10000px;height:500px\" srcset=\"https:\/\/lbrochu.dectim.ca\/tp2\/wp-content\/uploads\/2026\/03\/20260330_122112.jpg 2000w, https:\/\/lbrochu.dectim.ca\/tp2\/wp-content\/uploads\/2026\/03\/20260330_122112-300x225.jpg 300w, https:\/\/lbrochu.dectim.ca\/tp2\/wp-content\/uploads\/2026\/03\/20260330_122112-1024x768.jpg 1024w, https:\/\/lbrochu.dectim.ca\/tp2\/wp-content\/uploads\/2026\/03\/20260330_122112-768x576.jpg 768w, https:\/\/lbrochu.dectim.ca\/tp2\/wp-content\/uploads\/2026\/03\/20260330_122112-1536x1152.jpg 1536w\" sizes=\"auto, (max-width: 2000px) 100vw, 2000px\" \/><\/figure>\n<\/div>\n\n\n\n<div id=\"wp-block-themeisle-blocks-advanced-column-0c8061e9\" class=\"wp-block-themeisle-blocks-advanced-column\">\n<div class=\"wp-block-group ticss-55af6408 animated backInLeft is-layout-constrained wp-container-core-group-is-layout-639b5052 wp-block-group-is-layout-constrained\" style=\"padding-top:0;padding-right:0;padding-bottom:0;padding-left:0\">\n<h2 class=\"wp-block-heading has-ast-global-color-4-color has-text-color has-link-color wp-elements-569dac513b0e93a80071a90432aba5c2\">Comp\u00e9tences<\/h2>\n\n\n\n<ul class=\"wp-block-list\">\n<li>Maitrise des outils de conception<\/li>\n\n\n\n<li>Culture visuelle<\/li>\n\n\n\n<li>Exp\u00e9rience dans le domaine du design<\/li>\n\n\n\n<li>Bonne communication<\/li>\n\n\n\n<li>Bonne gestion du temps<\/li>\n<\/ul>\n<\/div>\n<\/div>\n<\/div><\/div>\n\n\n\n<div id=\"wp-block-themeisle-blocks-advanced-columns-b86fba5e\" class=\"wp-block-themeisle-blocks-advanced-columns alignfull has-2-columns has-desktop-equal-layout has-tablet-equal-layout has-mobile-collapsedRows-layout has-reverse-columns-mobile has-vertical-center ticss-c00aadba\"><div class=\"wp-block-themeisle-blocks-advanced-columns-overlay\"><\/div><div class=\"innerblocks-wrap\">\n<div id=\"wp-block-themeisle-blocks-advanced-column-16b6f611\" class=\"wp-block-themeisle-blocks-advanced-column\">\n<div class=\"wp-block-group ticss-e556f854 animated backInRight is-vertical is-layout-flex wp-container-core-group-is-layout-a4f8cc12 wp-block-group-is-layout-flex\" style=\"padding-right:0;padding-left:0\">\n<h2 class=\"wp-block-heading has-ast-global-color-6-color has-text-color has-link-color wp-elements-f3fb22070fa33061e765bd4a35983616\">Parcours recommand\u00e9<\/h2>\n\n\n\n<p>Un dipl\u00f4me d&rsquo;\u00e9tudes universitaires en arts visuels et une sp\u00e9cialisation dans le domaine.<\/p>\n<\/div>\n<\/div>\n\n\n\n<div id=\"wp-block-themeisle-blocks-advanced-column-5776d240\" class=\"wp-block-themeisle-blocks-advanced-column\">\n<figure class=\"wp-block-image size-full is-resized\"><img loading=\"lazy\" decoding=\"async\" width=\"640\" height=\"480\" src=\"https:\/\/lbrochu.dectim.ca\/tp2\/wp-content\/uploads\/2026\/03\/UQAM_President-Kennedy_building_Montreal_2005-10-21.jpg\" alt=\"\" class=\"wp-image-2248\" style=\"aspect-ratio:16\/9;object-fit:cover;width:10000px\" srcset=\"https:\/\/lbrochu.dectim.ca\/tp2\/wp-content\/uploads\/2026\/03\/UQAM_President-Kennedy_building_Montreal_2005-10-21.jpg 640w, https:\/\/lbrochu.dectim.ca\/tp2\/wp-content\/uploads\/2026\/03\/UQAM_President-Kennedy_building_Montreal_2005-10-21-300x225.jpg 300w\" sizes=\"auto, (max-width: 640px) 100vw, 640px\" \/><\/figure>\n<\/div>\n<\/div><\/div>\n","protected":false},"excerpt":{"rendered":"","protected":false},"author":1,"featured_media":0,"parent":0,"menu_order":0,"comment_status":"closed","ping_status":"closed","template":"","meta":{"site-sidebar-layout":"default","site-content-layout":"","ast-site-content-layout":"default","site-content-style":"default","site-sidebar-style":"default","ast-global-header-display":"","ast-banner-title-visibility":"","ast-main-header-display":"","ast-hfb-above-header-display":"","ast-hfb-below-header-display":"","ast-hfb-mobile-header-display":"","site-post-title":"disabled","ast-breadcrumbs-content":"","ast-featured-img":"","footer-sml-layout":"","ast-disable-related-posts":"","theme-transparent-header-meta":"","adv-header-id-meta":"","stick-header-meta":"","header-above-stick-meta":"","header-main-stick-meta":"","header-below-stick-meta":"","astra-migrate-meta-layouts":"default","ast-page-background-enabled":"default","ast-page-background-meta":{"desktop":{"background-color":"var(--ast-global-color-5)","background-image":"","background-repeat":"repeat","background-position":"center center","background-size":"auto","background-attachment":"scroll","background-type":"","background-media":"","overlay-type":"","overlay-color":"","overlay-opacity":"","overlay-gradient":""},"tablet":{"background-color":"","background-image":"","background-repeat":"repeat","background-position":"center center","background-size":"auto","background-attachment":"scroll","background-type":"","background-media":"","overlay-type":"","overlay-color":"","overlay-opacity":"","overlay-gradient":""},"mobile":{"background-color":"","background-image":"","background-repeat":"repeat","background-position":"center center","background-size":"auto","background-attachment":"scroll","background-type":"","background-media":"","overlay-type":"","overlay-color":"","overlay-opacity":"","overlay-gradient":""}},"ast-content-background-meta":{"desktop":{"background-color":"var(--ast-global-color-4)","background-image":"","background-repeat":"repeat","background-position":"center center","background-size":"auto","background-attachment":"scroll","background-type":"","background-media":"","overlay-type":"","overlay-color":"","overlay-opacity":"","overlay-gradient":""},"tablet":{"background-color":"var(--ast-global-color-4)","background-image":"","background-repeat":"repeat","background-position":"center center","background-size":"auto","background-attachment":"scroll","background-type":"","background-media":"","overlay-type":"","overlay-color":"","overlay-opacity":"","overlay-gradient":""},"mobile":{"background-color":"var(--ast-global-color-4)","background-image":"","background-repeat":"repeat","background-position":"center center","background-size":"auto","background-attachment":"scroll","background-type":"","background-media":"","overlay-type":"","overlay-color":"","overlay-opacity":"","overlay-gradient":""}},"_themeisle_gutenberg_block_has_review":false,"footnotes":""},"class_list":["post-88","page","type-page","status-publish","hentry"],"_links":{"self":[{"href":"https:\/\/lbrochu.dectim.ca\/tp2\/wp-json\/wp\/v2\/pages\/88","targetHints":{"allow":["GET"]}}],"collection":[{"href":"https:\/\/lbrochu.dectim.ca\/tp2\/wp-json\/wp\/v2\/pages"}],"about":[{"href":"https:\/\/lbrochu.dectim.ca\/tp2\/wp-json\/wp\/v2\/types\/page"}],"author":[{"embeddable":true,"href":"https:\/\/lbrochu.dectim.ca\/tp2\/wp-json\/wp\/v2\/users\/1"}],"replies":[{"embeddable":true,"href":"https:\/\/lbrochu.dectim.ca\/tp2\/wp-json\/wp\/v2\/comments?post=88"}],"version-history":[{"count":167,"href":"https:\/\/lbrochu.dectim.ca\/tp2\/wp-json\/wp\/v2\/pages\/88\/revisions"}],"predecessor-version":[{"id":2576,"href":"https:\/\/lbrochu.dectim.ca\/tp2\/wp-json\/wp\/v2\/pages\/88\/revisions\/2576"}],"wp:attachment":[{"href":"https:\/\/lbrochu.dectim.ca\/tp2\/wp-json\/wp\/v2\/media?parent=88"}],"curies":[{"name":"wp","href":"https:\/\/api.w.org\/{rel}","templated":true}]}}