{"id":9,"date":"2026-02-01T19:07:30","date_gmt":"2026-02-02T00:07:30","guid":{"rendered":"https:\/\/lbrochu.dectim.ca\/tp2\/?page_id=9"},"modified":"2026-05-13T21:33:04","modified_gmt":"2026-05-14T01:33:04","slug":"accueil","status":"publish","type":"page","link":"https:\/\/lbrochu.dectim.ca\/tp2\/","title":{"rendered":"Accueil"},"content":{"rendered":"\n<div style=\"height:110px\" aria-hidden=\"true\" class=\"wp-block-spacer\"><\/div>\n\n\n\n<div class=\"wp-block-cover alignfull is-light is-style-default\" style=\"margin-top:0;margin-bottom:0;padding-top:10vh;padding-right:19%;padding-bottom:10vh;padding-left:19%\"><video class=\"wp-block-cover__video-background intrinsic-ignore\" autoplay muted loop playsinline src=\"https:\/\/lbrochu.dectim.ca\/tp2\/wp-content\/uploads\/2026\/05\/Presentation-_-video-hero-orion-media-2026-05-13-21-12-27.mp4\" style=\"object-position:50% 50%\" data-object-fit=\"cover\" data-object-position=\"50% 50%\"><\/video><span aria-hidden=\"true\" class=\"wp-block-cover__background has-background-dim-0 has-background-dim\"><\/span><div class=\"wp-block-cover__inner-container is-layout-constrained wp-container-core-cover-is-layout-a550d14e wp-block-cover-is-layout-constrained\">\n<div class=\"wp-block-group has-background is-layout-constrained wp-container-core-group-is-layout-1bb09c31 wp-block-group-is-layout-constrained\" style=\"border-top-left-radius:25px;border-top-right-radius:25px;border-bottom-left-radius:25px;border-bottom-right-radius:25px;background-color:#ffffff8f;margin-top:0;margin-bottom:0;padding-top:5vh;padding-right:0;padding-bottom:5vh;padding-left:0\">\n<h1 class=\"wp-block-heading has-text-align-center animated backInLeft has-ast-global-color-2-color has-text-color has-link-color wp-elements-895c1d84798caaa8d83d0b8f20be8c23\" style=\"border-style:none;border-width:0px;margin-top:0;margin-bottom:0;padding-top:0;padding-right:0;padding-bottom:0;padding-left:0\">Orion M\u00e9dia<\/h1>\n\n\n\n<h2 class=\"wp-block-heading has-text-align-center animated backInLeft delay-100ms has-ast-global-color-2-color has-text-color has-link-color has-large-font-size wp-elements-5fe1a2a5addd4835b09786d9316aedd3\" style=\"border-style:none;border-width:0px;border-top-left-radius:100px;border-top-right-radius:100px;border-bottom-left-radius:100px;border-bottom-right-radius:100px;margin-top:0;margin-right:0;margin-bottom:0;margin-left:0;padding-top:var(--wp--preset--spacing--60);padding-right:0;padding-bottom:var(--wp--preset--spacing--60);padding-left:0\"><strong>Une Entreprise exp\u00e9riment\u00e9e<\/strong><br>E<strong>n Design et cr\u00e9ation visuelle!<\/strong><\/h2>\n\n\n\n<div class=\"wp-block-buttons animated backInLeft delay-500ms is-content-justification-center is-layout-flex wp-container-core-buttons-is-layout-76e7a4ea wp-block-buttons-is-layout-flex\" style=\"border-top-left-radius:0px;border-top-right-radius:0px;border-bottom-left-radius:0px;border-bottom-right-radius:0px;margin-top:var(--wp--preset--spacing--40);margin-bottom:var(--wp--preset--spacing--40)\">\n<div class=\"wp-block-button has-custom-width wp-block-button__width-25 is-style-fill\"><a class=\"wp-block-button__link has-text-align-center wp-element-button\" href=\"https:\/\/lbrochu.dectim.ca\/tp2\/contact\/\" style=\"border-top-left-radius:100px;border-top-right-radius:100px;border-bottom-left-radius:100px;border-bottom-right-radius:100px;padding-top:var(--wp--preset--spacing--40);padding-right:0;padding-bottom:var(--wp--preset--spacing--40);padding-left:0;font-style:normal;font-weight:900;text-transform:uppercase\">Nous contacter<\/a><\/div>\n<\/div>\n<\/div>\n<\/div><\/div>\n\n\n\n<div style=\"height:0px\" aria-hidden=\"true\" class=\"wp-block-spacer\"><\/div>\n\n\n\n<div id=\"wp-block-themeisle-blocks-advanced-columns-2935377b\" class=\"wp-block-themeisle-blocks-advanced-columns alignfull has-2-columns has-desktop-equal-layout has-tablet-equal-layout has-mobile-collapsedRows-layout has-vertical-unset\"><div class=\"wp-block-themeisle-blocks-advanced-columns-overlay\"><\/div><div class=\"innerblocks-wrap\">\n<div id=\"wp-block-themeisle-blocks-advanced-column-fe8449c4\" class=\"wp-block-themeisle-blocks-advanced-column\">\n<div id=\"wp-block-themeisle-blocks-slider-24dbd4a3\" class=\"wp-block-themeisle-blocks-slider glide\" data-per-view=\"1\" data-gap=\"0\" data-peek=\"0\" data-autoplay=\"true\" data-height=\"450px\" data-hide-arrows=\"false\"><div class=\"glide__track\" data-glide-el=\"track\"><div class=\"glide__slides\"><div class=\"wp-block-themeisle-blocks-slider-item-wrapper glide__slide\" tabindex=\"0\"><figure><img decoding=\"async\" class=\"wp-block-themeisle-blocks-slider-item\" src=\"https:\/\/lbrochu.dectim.ca\/tp2\/wp-content\/uploads\/2026\/03\/Capture-decran-2026-03-20-170707.jpg\" alt=\"\" title=\"\" data-id=\"1699\"\/><\/figure><\/div><div class=\"wp-block-themeisle-blocks-slider-item-wrapper glide__slide\" tabindex=\"0\"><figure><img decoding=\"async\" class=\"wp-block-themeisle-blocks-slider-item\" src=\"https:\/\/lbrochu.dectim.ca\/tp2\/wp-content\/uploads\/2026\/03\/Capture-decran-2026-03-20-170622.jpg\" alt=\"\" title=\"\" data-id=\"1698\"\/><\/figure><\/div><div class=\"wp-block-themeisle-blocks-slider-item-wrapper glide__slide\" tabindex=\"0\"><figure><img decoding=\"async\" class=\"wp-block-themeisle-blocks-slider-item\" src=\"https:\/\/lbrochu.dectim.ca\/tp2\/wp-content\/uploads\/2026\/03\/Ecrans-Menu-1.png\" alt=\"\" title=\"\" data-id=\"1117\"\/><\/figure><\/div><div class=\"wp-block-themeisle-blocks-slider-item-wrapper glide__slide\" tabindex=\"0\"><figure><img decoding=\"async\" class=\"wp-block-themeisle-blocks-slider-item\" src=\"https:\/\/lbrochu.dectim.ca\/tp2\/wp-content\/uploads\/2026\/03\/hero-figma.jpg\" alt=\"\" title=\"\" data-id=\"1113\"\/><\/figure><\/div><div class=\"wp-block-themeisle-blocks-slider-item-wrapper glide__slide\" tabindex=\"0\"><figure><img decoding=\"async\" class=\"wp-block-themeisle-blocks-slider-item\" src=\"https:\/\/lbrochu.dectim.ca\/tp2\/wp-content\/uploads\/2026\/03\/Maquette-Finale-Statique.png\" alt=\"\" title=\"\" data-id=\"642\"\/><\/figure><\/div><\/div><div class=\"glide__bullets\" data-glide-el=\"controls[nav]\"><button class=\"glide__bullet\" data-glide-dir=\"=0\"><\/button><button class=\"glide__bullet\" data-glide-dir=\"=1\"><\/button><button class=\"glide__bullet\" data-glide-dir=\"=2\"><\/button><button class=\"glide__bullet\" data-glide-dir=\"=3\"><\/button><button class=\"glide__bullet\" data-glide-dir=\"=4\"><\/button><\/div><\/div><\/div>\n<\/div>\n\n\n\n<div id=\"wp-block-themeisle-blocks-advanced-column-d6116db8\" class=\"wp-block-themeisle-blocks-advanced-column\">\n<div class=\"wp-block-group animated fadeInLeft wp-container-content-958eb9dc is-vertical is-layout-flex wp-container-core-group-is-layout-2b85c01a wp-block-group-is-layout-flex\" style=\"border-top-left-radius:0px;border-top-right-radius:0px;border-bottom-left-radius:0px;border-bottom-right-radius:0px;margin-top:0;margin-bottom:0;padding-top:var(--wp--preset--spacing--40);padding-right:var(--wp--preset--spacing--40);padding-bottom:var(--wp--preset--spacing--40);padding-left:var(--wp--preset--spacing--40)\">\n<div class=\"wp-block-group wp-container-content-958eb9dc is-nowrap is-layout-flex wp-container-core-group-is-layout-f0acb57f wp-block-group-is-layout-flex\" style=\"padding-right:0;padding-left:0\">\n<h2 class=\"wp-block-heading has-ast-global-color-6-color has-text-color has-link-color wp-elements-670df7e7856bb710bc72d362c3d42bb5\">Design<\/h2>\n<\/div>\n\n\n\n<p>Notre service de <strong>design<\/strong> sert \u00e0 <strong>donner vie \u00e0 vos id\u00e9es<\/strong>. Nous cr\u00e9ons des <strong>visuels uniques<\/strong>, pens\u00e9s pour <strong>captiver<\/strong>, <strong>inspirer <\/strong>et <strong>marquer les esprits<\/strong>.<\/p>\n\n\n\n<div class=\"wp-block-buttons is-content-justification-left is-layout-flex wp-container-core-buttons-is-layout-fc4fd283 wp-block-buttons-is-layout-flex\">\n<div class=\"wp-block-button\"><a class=\"wp-block-button__link wp-element-button\" href=\"https:\/\/lbrochu.dectim.ca\/tp2\/design\/\">En savoir plus<\/a><\/div>\n<\/div>\n<\/div>\n<\/div>\n<\/div><\/div>\n\n\n\n<div id=\"wp-block-themeisle-blocks-advanced-columns-2b7f73be\" class=\"wp-block-themeisle-blocks-advanced-columns alignfull has-2-columns has-desktop-equal-layout has-tablet-equal-layout has-mobile-collapsedRows-layout has-vertical-unset has-dark-bg\"><div class=\"wp-block-themeisle-blocks-advanced-columns-overlay\"><\/div><div class=\"innerblocks-wrap\">\n<div id=\"wp-block-themeisle-blocks-advanced-column-002df43c\" class=\"wp-block-themeisle-blocks-advanced-column\">\n<div class=\"wp-block-group animated fadeInLeft wp-container-content-958eb9dc is-vertical is-layout-flex wp-container-core-group-is-layout-2b85c01a wp-block-group-is-layout-flex\" style=\"border-top-left-radius:0px;border-top-right-radius:0px;border-bottom-left-radius:0px;border-bottom-right-radius:0px;margin-top:0;margin-bottom:0;padding-top:var(--wp--preset--spacing--40);padding-right:var(--wp--preset--spacing--40);padding-bottom:var(--wp--preset--spacing--40);padding-left:var(--wp--preset--spacing--40)\">\n<div class=\"wp-block-group wp-container-content-958eb9dc is-nowrap is-layout-flex wp-container-core-group-is-layout-f0acb57f wp-block-group-is-layout-flex\" style=\"padding-right:0;padding-left:0\">\n<h2 class=\"wp-block-heading has-ast-global-color-4-color has-text-color has-link-color wp-elements-dfd01c52126179ef75be16962e983403\">Cr\u00e9ation visuelle<\/h2>\n<\/div>\n\n\n\n<p>Notre service de <strong>cr\u00e9ation visuelle <\/strong>peut tout faire pour vous ! On peut concevoir de z\u00e9ro des <strong>dessins uniques<\/strong> pour vous, jusqu&rsquo;\u00e0 la <strong>modification de vos photos<\/strong>.<\/p>\n\n\n\n<div class=\"wp-block-qi-blocks-button qodef-block-container qodef-block-757d5875\"><a class=\"qi-block-button qodef-block qodef-m qodef-layout--filled qodef-type--standard qodef-size--small qodef-hover--icon-move-horizontal-short\" href=\"https:\/\/lbrochu.dectim.ca\/tp2\/illustration\/\"><span class=\"qodef-m-text\">En savoir plus<\/span><\/a><\/div>\n<\/div>\n<\/div>\n\n\n\n<div id=\"wp-block-themeisle-blocks-advanced-column-4285d7f4\" class=\"wp-block-themeisle-blocks-advanced-column\">\n<div id=\"wp-block-themeisle-blocks-slider-dc04a546\" class=\"wp-block-themeisle-blocks-slider glide\" data-per-view=\"1\" data-gap=\"0\" data-peek=\"0\" data-autoplay=\"true\" data-height=\"450px\" data-hide-arrows=\"false\"><div class=\"glide__track\" data-glide-el=\"track\"><div class=\"glide__slides\"><div class=\"wp-block-themeisle-blocks-slider-item-wrapper glide__slide\" tabindex=\"0\"><figure><img decoding=\"async\" class=\"wp-block-themeisle-blocks-slider-item\" src=\"https:\/\/lbrochu.dectim.ca\/tp2\/wp-content\/uploads\/2026\/03\/Capture-decran-2026-03-20-170707.jpg\" alt=\"\" title=\"\" data-id=\"1699\"\/><\/figure><\/div><div class=\"wp-block-themeisle-blocks-slider-item-wrapper glide__slide\" tabindex=\"0\"><figure><img decoding=\"async\" class=\"wp-block-themeisle-blocks-slider-item\" src=\"https:\/\/lbrochu.dectim.ca\/tp2\/wp-content\/uploads\/2026\/03\/Capture-decran-2026-03-20-170622.jpg\" alt=\"\" title=\"\" data-id=\"1698\"\/><\/figure><\/div><div class=\"wp-block-themeisle-blocks-slider-item-wrapper glide__slide\" tabindex=\"0\"><figure><img decoding=\"async\" class=\"wp-block-themeisle-blocks-slider-item\" src=\"https:\/\/lbrochu.dectim.ca\/tp2\/wp-content\/uploads\/2026\/03\/Ecrans-Menu-1.png\" alt=\"\" title=\"\" data-id=\"1117\"\/><\/figure><\/div><div class=\"wp-block-themeisle-blocks-slider-item-wrapper glide__slide\" tabindex=\"0\"><figure><img decoding=\"async\" class=\"wp-block-themeisle-blocks-slider-item\" src=\"https:\/\/lbrochu.dectim.ca\/tp2\/wp-content\/uploads\/2026\/03\/hero-figma.jpg\" alt=\"\" title=\"\" data-id=\"1113\"\/><\/figure><\/div><div class=\"wp-block-themeisle-blocks-slider-item-wrapper glide__slide\" tabindex=\"0\"><figure><img decoding=\"async\" class=\"wp-block-themeisle-blocks-slider-item\" src=\"https:\/\/lbrochu.dectim.ca\/tp2\/wp-content\/uploads\/2026\/03\/Maquette-Finale-Statique.png\" alt=\"\" title=\"\" data-id=\"642\"\/><\/figure><\/div><\/div><div class=\"glide__bullets\" data-glide-el=\"controls[nav]\"><button class=\"glide__bullet\" data-glide-dir=\"=0\"><\/button><button class=\"glide__bullet\" data-glide-dir=\"=1\"><\/button><button class=\"glide__bullet\" data-glide-dir=\"=2\"><\/button><button class=\"glide__bullet\" data-glide-dir=\"=3\"><\/button><button class=\"glide__bullet\" data-glide-dir=\"=4\"><\/button><\/div><\/div><\/div>\n<\/div>\n<\/div><\/div>\n\n\n\n<div id=\"wp-block-themeisle-blocks-advanced-columns-95b1a594\" class=\"wp-block-themeisle-blocks-advanced-columns alignfull has-2-columns has-desktop-equal-layout has-tablet-equal-layout has-mobile-collapsedRows-layout has-reverse-columns-mobile has-vertical-center ticss-c00aadba\"><div class=\"wp-block-themeisle-blocks-advanced-columns-overlay\"><\/div><div class=\"innerblocks-wrap\">\n<div id=\"wp-block-themeisle-blocks-advanced-column-b5467103\" class=\"wp-block-themeisle-blocks-advanced-column\">\n<figure class=\"wp-block-image size-large has-custom-border is-style-default\"><img loading=\"lazy\" decoding=\"async\" width=\"1024\" height=\"534\" src=\"https:\/\/lbrochu.dectim.ca\/tp2\/wp-content\/uploads\/2026\/03\/notre_histoire-1024x534.jpg\" alt=\"\" class=\"wp-image-1178\" style=\"border-top-left-radius:0px;border-top-right-radius:0px;border-bottom-left-radius:0px;border-bottom-right-radius:0px;aspect-ratio:16\/9;object-fit:cover\" srcset=\"https:\/\/lbrochu.dectim.ca\/tp2\/wp-content\/uploads\/2026\/03\/notre_histoire-1024x534.jpg 1024w, https:\/\/lbrochu.dectim.ca\/tp2\/wp-content\/uploads\/2026\/03\/notre_histoire-300x156.jpg 300w, https:\/\/lbrochu.dectim.ca\/tp2\/wp-content\/uploads\/2026\/03\/notre_histoire-768x400.jpg 768w, https:\/\/lbrochu.dectim.ca\/tp2\/wp-content\/uploads\/2026\/03\/notre_histoire.jpg 1126w\" sizes=\"auto, (max-width: 1024px) 100vw, 1024px\" \/><\/figure>\n<\/div>\n\n\n\n<div id=\"wp-block-themeisle-blocks-advanced-column-9e4e7b82\" class=\"wp-block-themeisle-blocks-advanced-column\">\n<div class=\"wp-block-group animated fadeInLeft wp-container-content-958eb9dc is-vertical is-layout-flex wp-container-core-group-is-layout-bcb85540 wp-block-group-is-layout-flex\" style=\"border-top-left-radius:0px;border-top-right-radius:0px;border-bottom-left-radius:0px;border-bottom-right-radius:0px;margin-top:0;margin-bottom:0;padding-top:var(--wp--preset--spacing--40);padding-right:var(--wp--preset--spacing--40);padding-bottom:var(--wp--preset--spacing--40);padding-left:var(--wp--preset--spacing--40)\">\n<div class=\"wp-block-group wp-container-content-958eb9dc is-nowrap is-layout-flex wp-container-core-group-is-layout-f0acb57f wp-block-group-is-layout-flex\" style=\"padding-right:0;padding-left:0\">\n<h2 class=\"wp-block-heading has-ast-global-color-6-color has-text-color has-link-color wp-elements-8f2b2f7424e934d778004bfc5450bcd4\">qui sommes nous<\/h2>\n<\/div>\n\n\n\n<p>Cr\u00e9\u00e9e en <strong>2020<\/strong> par deux anciens \u00e9tudiants en techniques d&rsquo;int\u00e9gration multim\u00e9dia, notre agence b\u00e9n\u00e9ficie de plus de <strong>cinq ans d\u2019exp\u00e9rience<\/strong> dans le domaine. Anim\u00e9e par la passion, elle poursuit son but principal : satisfaire ses clients.<\/p>\n\n\n\n<div class=\"wp-block-buttons is-content-justification-left is-layout-flex wp-container-core-buttons-is-layout-fc4fd283 wp-block-buttons-is-layout-flex\">\n<div class=\"wp-block-button\"><a class=\"wp-block-button__link wp-element-button\" href=\"https:\/\/lbrochu.dectim.ca\/tp2\/a-propos\/\">En savoir plus<\/a><\/div>\n<\/div>\n<\/div>\n<\/div>\n<\/div><\/div>\n","protected":false},"excerpt":{"rendered":"","protected":false},"author":1,"featured_media":0,"parent":0,"menu_order":0,"comment_status":"closed","ping_status":"closed","template":"","meta":{"site-sidebar-layout":"default","site-content-layout":"","ast-site-content-layout":"default","site-content-style":"default","site-sidebar-style":"default","ast-global-header-display":"","ast-banner-title-visibility":"","ast-main-header-display":"","ast-hfb-above-header-display":"","ast-hfb-below-header-display":"","ast-hfb-mobile-header-display":"","site-post-title":"disabled","ast-breadcrumbs-content":"","ast-featured-img":"","footer-sml-layout":"","ast-disable-related-posts":"","theme-transparent-header-meta":"","adv-header-id-meta":"","stick-header-meta":"","header-above-stick-meta":"","header-main-stick-meta":"","header-below-stick-meta":"","astra-migrate-meta-layouts":"default","ast-page-background-enabled":"default","ast-page-background-meta":{"desktop":{"background-color":"var(--ast-global-color-5)","background-image":"","background-repeat":"repeat","background-position":"center center","background-size":"auto","background-attachment":"scroll","background-type":"","background-media":"","overlay-type":"","overlay-color":"","overlay-opacity":"","overlay-gradient":""},"tablet":{"background-color":"","background-image":"","background-repeat":"repeat","background-position":"center center","background-size":"auto","background-attachment":"scroll","background-type":"","background-media":"","overlay-type":"","overlay-color":"","overlay-opacity":"","overlay-gradient":""},"mobile":{"background-color":"","background-image":"","background-repeat":"repeat","background-position":"center center","background-size":"auto","background-attachment":"scroll","background-type":"","background-media":"","overlay-type":"","overlay-color":"","overlay-opacity":"","overlay-gradient":""}},"ast-content-background-meta":{"desktop":{"background-color":"var(--ast-global-color-4)","background-image":"","background-repeat":"repeat","background-position":"center center","background-size":"auto","background-attachment":"scroll","background-type":"","background-media":"","overlay-type":"","overlay-color":"","overlay-opacity":"","overlay-gradient":""},"tablet":{"background-color":"var(--ast-global-color-4)","background-image":"","background-repeat":"repeat","background-position":"center center","background-size":"auto","background-attachment":"scroll","background-type":"","background-media":"","overlay-type":"","overlay-color":"","overlay-opacity":"","overlay-gradient":""},"mobile":{"background-color":"var(--ast-global-color-4)","background-image":"","background-repeat":"repeat","background-position":"center center","background-size":"auto","background-attachment":"scroll","background-type":"","background-media":"","overlay-type":"","overlay-color":"","overlay-opacity":"","overlay-gradient":""}},"_themeisle_gutenberg_block_has_review":false,"footnotes":""},"class_list":["post-9","page","type-page","status-publish","hentry"],"_links":{"self":[{"href":"https:\/\/lbrochu.dectim.ca\/tp2\/wp-json\/wp\/v2\/pages\/9","targetHints":{"allow":["GET"]}}],"collection":[{"href":"https:\/\/lbrochu.dectim.ca\/tp2\/wp-json\/wp\/v2\/pages"}],"about":[{"href":"https:\/\/lbrochu.dectim.ca\/tp2\/wp-json\/wp\/v2\/types\/page"}],"author":[{"embeddable":true,"href":"https:\/\/lbrochu.dectim.ca\/tp2\/wp-json\/wp\/v2\/users\/1"}],"replies":[{"embeddable":true,"href":"https:\/\/lbrochu.dectim.ca\/tp2\/wp-json\/wp\/v2\/comments?post=9"}],"version-history":[{"count":214,"href":"https:\/\/lbrochu.dectim.ca\/tp2\/wp-json\/wp\/v2\/pages\/9\/revisions"}],"predecessor-version":[{"id":2745,"href":"https:\/\/lbrochu.dectim.ca\/tp2\/wp-json\/wp\/v2\/pages\/9\/revisions\/2745"}],"wp:attachment":[{"href":"https:\/\/lbrochu.dectim.ca\/tp2\/wp-json\/wp\/v2\/media?parent=9"}],"curies":[{"name":"wp","href":"https:\/\/api.w.org\/{rel}","templated":true}]}}